{"id":8743,"date":"2024-12-09T14:11:08","date_gmt":"2024-12-09T13:11:08","guid":{"rendered":"https:\/\/rouvinez.com\/our-tastings\/"},"modified":"2024-12-09T14:11:31","modified_gmt":"2024-12-09T13:11:31","slug":"our-tastings","status":"publish","type":"page","link":"https:\/\/rouvinez.com\/en\/our-tastings\/","title":{"rendered":"Our tastings"},"content":{"rendered":"<p>[et_pb_section fb_built=&#8221;1&#8243; fullwidth=&#8221;on&#8221; _builder_version=&#8221;4.16&#8243; _module_preset=&#8221;default&#8221; vertical_offset_tablet=&#8221;&#8221; vertical_offset_phone=&#8221;0px&#8221; vertical_offset_last_edited=&#8221;on|phone&#8221; position_origin_a_tablet=&#8221;&#8221; position_origin_a_phone=&#8221;&#8221; position_origin_a_last_edited=&#8221;on|desktop&#8221; position_origin_f_tablet=&#8221;&#8221; position_origin_f_phone=&#8221;&#8221; position_origin_f_last_edited=&#8221;on|desktop&#8221; position_origin_r_tablet=&#8221;&#8221; position_origin_r_phone=&#8221;&#8221; position_origin_r_last_edited=&#8221;on|tablet&#8221; custom_padding=&#8221;||||true|false&#8221; positioning_tablet=&#8221;&#8221; positioning_phone=&#8221;&#8221; positioning_last_edited=&#8221;on|desktop&#8221; locked=&#8221;off&#8221; global_colors_info=&#8221;{}&#8221;][et_pb_fullwidth_slider show_pagination=&#8221;off&#8221; _builder_version=&#8221;4.27.2&#8243; _module_preset=&#8221;default&#8221; background_enable_color=&#8221;off&#8221; height=&#8221;100vh&#8221; height_tablet=&#8221;650px&#8221; height_phone=&#8221;320px&#8221; height_last_edited=&#8221;on|phone&#8221; custom_padding=&#8221;20vw||20vw||true|false&#8221; custom_padding_tablet=&#8221;40vw||40vw||true|false&#8221; custom_padding_phone=&#8221;&#8221; custom_padding_last_edited=&#8221;on|phone&#8221; auto=&#8221;on&#8221; global_colors_info=&#8221;{}&#8221; header_2_line_height_last_edited=&#8221;on|phone&#8221;][et_pb_slide _builder_version=&#8221;4.27.2&#8243; _module_preset=&#8221;default&#8221; header_font=&#8221;helveticaNeueBold|||on|||||&#8221; header_text_align=&#8221;center&#8221; header_font_size=&#8221;50px&#8221; header_letter_spacing=&#8221;20px&#8221; header_line_height=&#8221;1.2em&#8221; background_color=&#8221;rgba(0,0,0,0.38)&#8221; background_enable_color=&#8221;on&#8221; background_image=&#8221;https:\/\/rouvinez.com\/wp-content\/uploads\/2024\/11\/Domaines-Rouvinez-Degustation-Vin-Geronde-5.jpg&#8221; background_enable_image=&#8221;on&#8221; background_blend=&#8221;overlay&#8221; header_font_size_tablet=&#8221;40px&#8221; header_font_size_phone=&#8221;32px&#8221; header_letter_spacing_tablet=&#8221;15px&#8221; header_letter_spacing_phone=&#8221;11px&#8221; header_letter_spacing_last_edited=&#8221;on|desktop&#8221; global_colors_info=&#8221;{}&#8221; sticky_transition=&#8221;on&#8221;][\/et_pb_slide][\/et_pb_fullwidth_slider][\/et_pb_section][et_pb_section fb_built=&#8221;1&#8243; _builder_version=&#8221;4.16&#8243; _module_preset=&#8221;default&#8221; custom_padding=&#8221;0px||0px||false|false&#8221; locked=&#8221;off&#8221; global_colors_info=&#8221;{}&#8221;][et_pb_row _builder_version=&#8221;4.16&#8243; _module_preset=&#8221;default&#8221; position_origin_a=&#8221;top_center&#8221; custom_margin=&#8221;||||false|false&#8221; custom_margin_tablet=&#8221;&#8221; custom_margin_phone=&#8221;&#8221; custom_margin_last_edited=&#8221;on|desktop&#8221; custom_padding=&#8221;0px||0px||false|false&#8221; global_colors_info=&#8221;{}&#8221;][et_pb_column type=&#8221;4_4&#8243; _builder_version=&#8221;4.16&#8243; _module_preset=&#8221;default&#8221; global_colors_info=&#8221;{}&#8221;][et_pb_text _builder_version=&#8221;4.27.2&#8243; _module_preset=&#8221;default&#8221; header_font=&#8221;Bodoni Moda|800||on|||||&#8221; header_text_align=&#8221;center&#8221; header_text_color=&#8221;#FFFFFF&#8221; header_font_size=&#8221;74px&#8221; header_letter_spacing=&#8221;11px&#8221; header_line_height=&#8221;1.2em&#8221; positioning=&#8221;absolute&#8221; position_origin_a=&#8221;top_center&#8221; vertical_offset=&#8221;-22vw&#8221; vertical_offset_tablet=&#8221;-68vw&#8221; vertical_offset_phone=&#8221;-44vw&#8221; vertical_offset_last_edited=&#8221;on|phone&#8221; position_origin_a_tablet=&#8221;&#8221; position_origin_a_phone=&#8221;&#8221; position_origin_a_last_edited=&#8221;on|tablet&#8221; position_origin_f_tablet=&#8221;&#8221; position_origin_f_phone=&#8221;&#8221; position_origin_f_last_edited=&#8221;on|desktop&#8221; position_origin_r_tablet=&#8221;&#8221; position_origin_r_phone=&#8221;&#8221; position_origin_r_last_edited=&#8221;on|desktop&#8221; width=&#8221;100%&#8221; custom_padding=&#8221;60px||0px||false|false&#8221; custom_padding_tablet=&#8221;253px||0px||false|false&#8221; custom_padding_phone=&#8221;42px||||false|false&#8221; custom_padding_last_edited=&#8221;on|phone&#8221; animation_style=&#8221;fade&#8221; animation_duration=&#8221;500ms&#8221; hover_enabled=&#8221;0&#8243; text_font_size_tablet=&#8221;&#8221; text_font_size_phone=&#8221;&#8221; text_font_size_last_edited=&#8221;on|desktop&#8221; header_font_size_tablet=&#8221;57px&#8221; header_font_size_phone=&#8221;29px&#8221; header_font_size_last_edited=&#8221;on|tablet&#8221; header_2_font_size_phone=&#8221;32px&#8221; positioning_tablet=&#8221;&#8221; positioning_phone=&#8221;&#8221; positioning_last_edited=&#8221;on|tablet&#8221; global_colors_info=&#8221;{}&#8221; sticky_enabled=&#8221;0&#8243;]<\/p>\n<h1>Our tastings<\/h1>\n<p>[\/et_pb_text][et_pb_image src=&#8221;https:\/\/rouvinez.com\/wp-content\/uploads\/2021\/08\/arrowDown.png&#8221; title_text=&#8221;arrowDown&#8221; url=&#8221;#contact&#8221; align=&#8221;center&#8221; disabled_on=&#8221;on|on|off&#8221; admin_label=&#8221;fl\u00e8che desktop&#8221; module_id=&#8221;arrowdown&#8221; _builder_version=&#8221;4.16&#8243; _module_preset=&#8221;default&#8221; positioning=&#8221;absolute&#8221; vertical_offset=&#8221;-6vw&#8221; width=&#8221;100%&#8221; global_colors_info=&#8221;{}&#8221;][\/et_pb_image][\/et_pb_column][\/et_pb_row][\/et_pb_section][et_pb_section fb_built=&#8221;1&#8243; _builder_version=&#8221;4.27.2&#8243; _module_preset=&#8221;default&#8221; custom_padding=&#8221;13px|||||&#8221; global_colors_info=&#8221;{}&#8221;][et_pb_row _builder_version=&#8221;4.27.2&#8243; _module_preset=&#8221;default&#8221; background_color=&#8221;RGBA(255,255,255,0)&#8221; global_colors_info=&#8221;{}&#8221;][et_pb_column type=&#8221;4_4&#8243; _builder_version=&#8221;4.27.2&#8243; _module_preset=&#8221;default&#8221; global_colors_info=&#8221;{}&#8221;][et_pb_text _builder_version=&#8221;4.27.2&#8243; _module_preset=&#8221;default&#8221; header_2_font=&#8221;Cormorant Garamond|700|||||||&#8221; header_2_text_color=&#8221;#000000&#8243; header_2_font_size=&#8221;50px&#8221; header_2_letter_spacing=&#8221;2px&#8221; header_2_line_height=&#8221;1em&#8221; hover_enabled=&#8221;0&#8243; global_colors_info=&#8221;{}&#8221; sticky_enabled=&#8221;0&#8243;]<\/p>\n<h2>Visit and tasting at Domaines Rouvinez<\/h2>\n<p>[\/et_pb_text][et_pb_text _builder_version=&#8221;4.27.2&#8243; _module_preset=&#8221;default&#8221; header_text_align=&#8221;left&#8221; header_2_font=&#8221;Bodoni Moda|600|||||||&#8221; header_2_text_align=&#8221;left&#8221; header_2_text_color=&#8221;#000000&#8243; header_2_font_size=&#8221;35px&#8221; header_2_letter_spacing=&#8221;4px&#8221; header_2_line_height=&#8221;1.1em&#8221; text_orientation=&#8221;center&#8221; global_colors_info=&#8221;{}&#8221;]<\/p>\n<p>Enjoy a unique experience at the heart of Domaines Rouvinez, on the charming G\u00e9ronde hill in Sierre. Immerse yourself in the viticultural world of a historic estate,<br \/>\nrich in tradition and expertise, where the Rouvinez family has been perpetuating its heritage with passion and excellence for over 75 years.<\/p>\n<p>[\/et_pb_text][\/et_pb_column][\/et_pb_row][et_pb_row column_structure=&#8221;1_2,1_2&#8243; _builder_version=&#8221;4.27.2&#8243; _module_preset=&#8221;default&#8221; background_color=&#8221;RGBA(255,255,255,0)&#8221; custom_padding=&#8221;||33px||false|false&#8221; hover_enabled=&#8221;0&#8243; global_colors_info=&#8221;{}&#8221; sticky_enabled=&#8221;0&#8243;][et_pb_column type=&#8221;1_2&#8243; _builder_version=&#8221;4.27.2&#8243; _module_preset=&#8221;default&#8221; global_colors_info=&#8221;{}&#8221;][et_pb_text _builder_version=&#8221;4.27.2&#8243; _module_preset=&#8221;default&#8221; header_3_font=&#8221;Cormorant Garamond|800|||||||&#8221; header_3_font_size=&#8221;32px&#8221; background_color=&#8221;RGBA(255,255,255,0)&#8221; custom_padding=&#8221;||||true|true&#8221; global_colors_info=&#8221;{}&#8221;]<\/p>\n<h3>Dive into the world of our terroirs<\/h3>\n<p>Enjoy a guided tour of our cellar, a veritable sanctuary for our exceptional wines. On this immersive tour, you&#8217;ll explore<\/p>\n<ul>\n<li>The emblematic terroirs that make up the richness and authenticity of our vintages.<\/li>\n<li>An exclusive presentation of our Rouvinez Family Club vineyard, a symbol of our commitment to excellence and winemaking tradition.<\/li>\n<li>The visit culminates in a commented tasting of 5 carefully selected wines, accompanied by savoury snacks.<\/li>\n<\/ul>\n<p>A perfect opportunity to savour the essence of our terroir and discover subtle pairings in a convivial atmosphere.<\/p>\n<h3>An experience at the peak of Valais tradition<\/h3>\n<p>By choosing to live this experience with us, you are plunging into the heart of Valais winegrowing history. Nestling on the hillside of G\u00e9ronde, the family estate offers an enchanting and authentic setting, ideal for wine lovers, the curious or connoisseurs wishing to deepen their knowledge of our wines.<\/p>\n<p>Book now for an unforgettable wine experience and let yourself be seduced by the timeless charm of Domaines Rouvinez.<\/p>\n<p>[\/et_pb_text][\/et_pb_column][et_pb_column type=&#8221;1_2&#8243; _builder_version=&#8221;4.27.2&#8243; _module_preset=&#8221;default&#8221; global_colors_info=&#8221;{}&#8221;][et_pb_image src=&#8221;https:\/\/rouvinez.com\/wp-content\/uploads\/2024\/11\/Domaines-Rouvinez-Degustation-Vin-Geronde-1-1024&#215;683.jpg&#8221; alt=&#8221;Domaines Rouvinez two wine tasting glasses at G\u00e9ronde&#8221; title_text=&#8221;Domaines Rouvinez Wine tasting G\u00e9ronde 1&#8243; _builder_version=&#8221;4.27.2&#8243; _module_preset=&#8221;default&#8221; width=&#8221;100%&#8221; custom_margin=&#8221;||46px|||&#8221; box_shadow_style=&#8221;preset3&#8243; global_colors_info=&#8221;{}&#8221;][\/et_pb_image][et_pb_text _builder_version=&#8221;4.27.2&#8243; _module_preset=&#8221;default&#8221; header_font=&#8221;Cormorant Garamond|800|||||||&#8221; header_3_font=&#8221;Cormorant Garamond|800|||||||&#8221; header_3_font_size=&#8221;32px&#8221; header_3_letter_spacing=&#8221;2px&#8221; header_3_line_height=&#8221;1.4em&#8221; custom_margin=&#8221;37px||21px||false|false&#8221; global_colors_info=&#8221;{}&#8221;]<\/p>\n<h3>Practical information<\/h3>\n<ul>\n<li><strong>Must be booked for 5 people or more<\/strong><\/li>\n<li>Duration: Approximately 90 minutes<\/li>\n<li>Price: CHF 25 per person<\/li>\n<li>027 452 22 52 | <a href=\"mailto:info@rouvinez.com\">info@rouvinez.com<\/a><\/li>\n<\/ul>\n<p>[\/et_pb_text][\/et_pb_column][\/et_pb_row][et_pb_row _builder_version=&#8221;4.27.2&#8243; _module_preset=&#8221;default&#8221; global_colors_info=&#8221;{}&#8221;][et_pb_column type=&#8221;4_4&#8243; _builder_version=&#8221;4.27.2&#8243; _module_preset=&#8221;default&#8221; global_colors_info=&#8221;{}&#8221;][et_pb_button button_url=&#8221;mailto:info@rouvinez.com&#8221; button_text=&#8221; Book your visit!&#8221; button_alignment=&#8221;center&#8221; _builder_version=&#8221;4.27.2&#8243; _module_preset=&#8221;default&#8221; button_icon=&#8221;&#xe010;||divi||400&#8243; button_icon_placement=&#8221;left&#8221; hover_enabled=&#8221;0&#8243; global_colors_info=&#8221;{}&#8221; button_text_size=&#8221;18px&#8221; sticky_enabled=&#8221;0&#8243;][\/et_pb_button][\/et_pb_column][\/et_pb_row][\/et_pb_section]<\/p>\n","protected":false},"excerpt":{"rendered":"<p>Our tastingsVisit and tasting at Domaines RouvinezEnjoy a unique experience at the heart of Domaines Rouvinez, on the charming G\u00e9ronde hill in Sierre. Immerse yourself in the viticultural world of a historic estate, rich in tradition and expertise, where the Rouvinez family has been perpetuating its heritage with passion and excellence for over 75 years.Dive [&hellip;]<\/p>\n","protected":false},"author":3,"featured_media":8416,"parent":0,"menu_order":0,"comment_status":"closed","ping_status":"closed","template":"","meta":{"_et_pb_use_builder":"on","_et_pb_old_content":"","_et_gb_content_width":"","inline_featured_image":false,"_monsterinsights_skip_tracking":false,"_monsterinsights_sitenote_active":false,"_monsterinsights_sitenote_note":"","_monsterinsights_sitenote_category":0,"footnotes":""},"class_list":["post-8743","page","type-page","status-publish","has-post-thumbnail","hentry"],"yoast_head":"<!-- This site is optimized with the Yoast SEO plugin v27.3 - https:\/\/yoast.com\/product\/yoast-seo-wordpress\/ -->\n<title>Our tastings - Domaines Rouvinez<\/title>\n<meta name=\"description\" content=\"Immerse yourself in the world of Domaines Rouvinez in Sierre: visit the cellar, taste exceptional wines and discover the Valais terroir.\" \/>\n<meta name=\"robots\" content=\"index, follow, max-snippet:-1, max-image-preview:large, max-video-preview:-1\" \/>\n<link rel=\"canonical\" href=\"https:\/\/rouvinez.com\/en\/our-tastings\/\" \/>\n<meta property=\"og:locale\" content=\"en_US\" \/>\n<meta property=\"og:type\" content=\"article\" \/>\n<meta property=\"og:title\" content=\"Our tastings - Domaines Rouvinez\" \/>\n<meta property=\"og:description\" content=\"Immerse yourself in the world of Domaines Rouvinez in Sierre: visit the cellar, taste exceptional wines and discover the Valais terroir.\" \/>\n<meta property=\"og:url\" content=\"https:\/\/rouvinez.com\/en\/our-tastings\/\" \/>\n<meta property=\"og:site_name\" content=\"Domaines Rouvinez\" \/>\n<meta property=\"article:publisher\" content=\"https:\/\/www.facebook.com\/LaFamilleRouvinez\" \/>\n<meta property=\"article:modified_time\" content=\"2024-12-09T13:11:31+00:00\" \/>\n<meta property=\"og:image\" content=\"https:\/\/rouvinez.com\/wp-content\/uploads\/2024\/11\/Domaines-Rouvinez-Degustation-Vin-Geronde-5.jpg\" \/>\n\t<meta property=\"og:image:width\" content=\"2250\" \/>\n\t<meta property=\"og:image:height\" content=\"1500\" \/>\n\t<meta property=\"og:image:type\" content=\"image\/jpeg\" \/>\n<meta name=\"twitter:card\" content=\"summary_large_image\" \/>\n<meta name=\"twitter:label1\" content=\"Est. reading time\" \/>\n\t<meta name=\"twitter:data1\" content=\"6 minutes\" \/>\n<script type=\"application\/ld+json\" class=\"yoast-schema-graph\">{\"@context\":\"https:\\\/\\\/schema.org\",\"@graph\":[{\"@type\":\"WebPage\",\"@id\":\"https:\\\/\\\/rouvinez.com\\\/en\\\/our-tastings\\\/\",\"url\":\"https:\\\/\\\/rouvinez.com\\\/en\\\/our-tastings\\\/\",\"name\":\"Our tastings - Domaines Rouvinez\",\"isPartOf\":{\"@id\":\"https:\\\/\\\/rouvinez.com\\\/en\\\/#website\"},\"primaryImageOfPage\":{\"@id\":\"https:\\\/\\\/rouvinez.com\\\/en\\\/our-tastings\\\/#primaryimage\"},\"image\":{\"@id\":\"https:\\\/\\\/rouvinez.com\\\/en\\\/our-tastings\\\/#primaryimage\"},\"thumbnailUrl\":\"https:\\\/\\\/rouvinez.com\\\/wp-content\\\/uploads\\\/2024\\\/11\\\/Domaines-Rouvinez-Degustation-Vin-Geronde-5.jpg\",\"datePublished\":\"2024-12-09T13:11:08+00:00\",\"dateModified\":\"2024-12-09T13:11:31+00:00\",\"description\":\"Immerse yourself in the world of Domaines Rouvinez in Sierre: visit the cellar, taste exceptional wines and discover the Valais terroir.\",\"breadcrumb\":{\"@id\":\"https:\\\/\\\/rouvinez.com\\\/en\\\/our-tastings\\\/#breadcrumb\"},\"inLanguage\":\"en-US\",\"potentialAction\":[{\"@type\":\"ReadAction\",\"target\":[\"https:\\\/\\\/rouvinez.com\\\/en\\\/our-tastings\\\/\"]}]},{\"@type\":\"ImageObject\",\"inLanguage\":\"en-US\",\"@id\":\"https:\\\/\\\/rouvinez.com\\\/en\\\/our-tastings\\\/#primaryimage\",\"url\":\"https:\\\/\\\/rouvinez.com\\\/wp-content\\\/uploads\\\/2024\\\/11\\\/Domaines-Rouvinez-Degustation-Vin-Geronde-5.jpg\",\"contentUrl\":\"https:\\\/\\\/rouvinez.com\\\/wp-content\\\/uploads\\\/2024\\\/11\\\/Domaines-Rouvinez-Degustation-Vin-Geronde-5.jpg\",\"width\":2250,\"height\":1500,\"caption\":\"Domaines Rouvinez service lors d'une d\u00e9gustation de vin \u00e0 G\u00e9ronde\"},{\"@type\":\"BreadcrumbList\",\"@id\":\"https:\\\/\\\/rouvinez.com\\\/en\\\/our-tastings\\\/#breadcrumb\",\"itemListElement\":[{\"@type\":\"ListItem\",\"position\":1,\"name\":\"Accueil\",\"item\":\"https:\\\/\\\/rouvinez.com\\\/en\\\/\"},{\"@type\":\"ListItem\",\"position\":2,\"name\":\"Our tastings\"}]},{\"@type\":\"WebSite\",\"@id\":\"https:\\\/\\\/rouvinez.com\\\/en\\\/#website\",\"url\":\"https:\\\/\\\/rouvinez.com\\\/en\\\/\",\"name\":\"Domaines Rouvinez\",\"description\":\"Go\u00fbt de l&#039;innovation et passion de l&#039;excellence\",\"publisher\":{\"@id\":\"https:\\\/\\\/rouvinez.com\\\/en\\\/#organization\"},\"potentialAction\":[{\"@type\":\"SearchAction\",\"target\":{\"@type\":\"EntryPoint\",\"urlTemplate\":\"https:\\\/\\\/rouvinez.com\\\/en\\\/?s={search_term_string}\"},\"query-input\":{\"@type\":\"PropertyValueSpecification\",\"valueRequired\":true,\"valueName\":\"search_term_string\"}}],\"inLanguage\":\"en-US\"},{\"@type\":\"Organization\",\"@id\":\"https:\\\/\\\/rouvinez.com\\\/en\\\/#organization\",\"name\":\"Domaines Rouvinez\",\"url\":\"https:\\\/\\\/rouvinez.com\\\/en\\\/\",\"logo\":{\"@type\":\"ImageObject\",\"inLanguage\":\"en-US\",\"@id\":\"https:\\\/\\\/rouvinez.com\\\/en\\\/#\\\/schema\\\/logo\\\/image\\\/\",\"url\":\"https:\\\/\\\/rouvinez.com\\\/wp-content\\\/uploads\\\/2021\\\/09\\\/20Fichier-11x-e1683538171203.png\",\"contentUrl\":\"https:\\\/\\\/rouvinez.com\\\/wp-content\\\/uploads\\\/2021\\\/09\\\/20Fichier-11x-e1683538171203.png\",\"width\":300,\"height\":171,\"caption\":\"Domaines Rouvinez\"},\"image\":{\"@id\":\"https:\\\/\\\/rouvinez.com\\\/en\\\/#\\\/schema\\\/logo\\\/image\\\/\"},\"sameAs\":[\"https:\\\/\\\/www.facebook.com\\\/LaFamilleRouvinez\",\"https:\\\/\\\/www.instagram.com\\\/famille.rouvinez\\\/\"]}]}<\/script>\n<!-- \/ Yoast SEO plugin. -->","yoast_head_json":{"title":"Our tastings - Domaines Rouvinez","description":"Immerse yourself in the world of Domaines Rouvinez in Sierre: visit the cellar, taste exceptional wines and discover the Valais terroir.","robots":{"index":"index","follow":"follow","max-snippet":"max-snippet:-1","max-image-preview":"max-image-preview:large","max-video-preview":"max-video-preview:-1"},"canonical":"https:\/\/rouvinez.com\/en\/our-tastings\/","og_locale":"en_US","og_type":"article","og_title":"Our tastings - Domaines Rouvinez","og_description":"Immerse yourself in the world of Domaines Rouvinez in Sierre: visit the cellar, taste exceptional wines and discover the Valais terroir.","og_url":"https:\/\/rouvinez.com\/en\/our-tastings\/","og_site_name":"Domaines Rouvinez","article_publisher":"https:\/\/www.facebook.com\/LaFamilleRouvinez","article_modified_time":"2024-12-09T13:11:31+00:00","og_image":[{"width":2250,"height":1500,"url":"https:\/\/rouvinez.com\/wp-content\/uploads\/2024\/11\/Domaines-Rouvinez-Degustation-Vin-Geronde-5.jpg","type":"image\/jpeg"}],"twitter_card":"summary_large_image","twitter_misc":{"Est. reading time":"6 minutes"},"schema":{"@context":"https:\/\/schema.org","@graph":[{"@type":"WebPage","@id":"https:\/\/rouvinez.com\/en\/our-tastings\/","url":"https:\/\/rouvinez.com\/en\/our-tastings\/","name":"Our tastings - Domaines Rouvinez","isPartOf":{"@id":"https:\/\/rouvinez.com\/en\/#website"},"primaryImageOfPage":{"@id":"https:\/\/rouvinez.com\/en\/our-tastings\/#primaryimage"},"image":{"@id":"https:\/\/rouvinez.com\/en\/our-tastings\/#primaryimage"},"thumbnailUrl":"https:\/\/rouvinez.com\/wp-content\/uploads\/2024\/11\/Domaines-Rouvinez-Degustation-Vin-Geronde-5.jpg","datePublished":"2024-12-09T13:11:08+00:00","dateModified":"2024-12-09T13:11:31+00:00","description":"Immerse yourself in the world of Domaines Rouvinez in Sierre: visit the cellar, taste exceptional wines and discover the Valais terroir.","breadcrumb":{"@id":"https:\/\/rouvinez.com\/en\/our-tastings\/#breadcrumb"},"inLanguage":"en-US","potentialAction":[{"@type":"ReadAction","target":["https:\/\/rouvinez.com\/en\/our-tastings\/"]}]},{"@type":"ImageObject","inLanguage":"en-US","@id":"https:\/\/rouvinez.com\/en\/our-tastings\/#primaryimage","url":"https:\/\/rouvinez.com\/wp-content\/uploads\/2024\/11\/Domaines-Rouvinez-Degustation-Vin-Geronde-5.jpg","contentUrl":"https:\/\/rouvinez.com\/wp-content\/uploads\/2024\/11\/Domaines-Rouvinez-Degustation-Vin-Geronde-5.jpg","width":2250,"height":1500,"caption":"Domaines Rouvinez service lors d'une d\u00e9gustation de vin \u00e0 G\u00e9ronde"},{"@type":"BreadcrumbList","@id":"https:\/\/rouvinez.com\/en\/our-tastings\/#breadcrumb","itemListElement":[{"@type":"ListItem","position":1,"name":"Accueil","item":"https:\/\/rouvinez.com\/en\/"},{"@type":"ListItem","position":2,"name":"Our tastings"}]},{"@type":"WebSite","@id":"https:\/\/rouvinez.com\/en\/#website","url":"https:\/\/rouvinez.com\/en\/","name":"Domaines Rouvinez","description":"Go\u00fbt de l&#039;innovation et passion de l&#039;excellence","publisher":{"@id":"https:\/\/rouvinez.com\/en\/#organization"},"potentialAction":[{"@type":"SearchAction","target":{"@type":"EntryPoint","urlTemplate":"https:\/\/rouvinez.com\/en\/?s={search_term_string}"},"query-input":{"@type":"PropertyValueSpecification","valueRequired":true,"valueName":"search_term_string"}}],"inLanguage":"en-US"},{"@type":"Organization","@id":"https:\/\/rouvinez.com\/en\/#organization","name":"Domaines Rouvinez","url":"https:\/\/rouvinez.com\/en\/","logo":{"@type":"ImageObject","inLanguage":"en-US","@id":"https:\/\/rouvinez.com\/en\/#\/schema\/logo\/image\/","url":"https:\/\/rouvinez.com\/wp-content\/uploads\/2021\/09\/20Fichier-11x-e1683538171203.png","contentUrl":"https:\/\/rouvinez.com\/wp-content\/uploads\/2021\/09\/20Fichier-11x-e1683538171203.png","width":300,"height":171,"caption":"Domaines Rouvinez"},"image":{"@id":"https:\/\/rouvinez.com\/en\/#\/schema\/logo\/image\/"},"sameAs":["https:\/\/www.facebook.com\/LaFamilleRouvinez","https:\/\/www.instagram.com\/famille.rouvinez\/"]}]}},"_links":{"self":[{"href":"https:\/\/rouvinez.com\/en\/wp-json\/wp\/v2\/pages\/8743","targetHints":{"allow":["GET"]}}],"collection":[{"href":"https:\/\/rouvinez.com\/en\/wp-json\/wp\/v2\/pages"}],"about":[{"href":"https:\/\/rouvinez.com\/en\/wp-json\/wp\/v2\/types\/page"}],"author":[{"embeddable":true,"href":"https:\/\/rouvinez.com\/en\/wp-json\/wp\/v2\/users\/3"}],"replies":[{"embeddable":true,"href":"https:\/\/rouvinez.com\/en\/wp-json\/wp\/v2\/comments?post=8743"}],"version-history":[{"count":5,"href":"https:\/\/rouvinez.com\/en\/wp-json\/wp\/v2\/pages\/8743\/revisions"}],"predecessor-version":[{"id":8748,"href":"https:\/\/rouvinez.com\/en\/wp-json\/wp\/v2\/pages\/8743\/revisions\/8748"}],"wp:featuredmedia":[{"embeddable":true,"href":"https:\/\/rouvinez.com\/en\/wp-json\/wp\/v2\/media\/8416"}],"wp:attachment":[{"href":"https:\/\/rouvinez.com\/en\/wp-json\/wp\/v2\/media?parent=8743"}],"curies":[{"name":"wp","href":"https:\/\/api.w.org\/{rel}","templated":true}]}}