{"id":8737,"date":"2024-12-09T14:05:17","date_gmt":"2024-12-09T13:05:17","guid":{"rendered":"https:\/\/rouvinez.com\/unsere-weinproben\/"},"modified":"2024-12-09T14:27:24","modified_gmt":"2024-12-09T13:27:24","slug":"unsere-weinproben","status":"publish","type":"page","link":"https:\/\/rouvinez.com\/de\/unsere-weinproben\/","title":{"rendered":"Unsere Weinproben"},"content":{"rendered":"<p>[et_pb_section fb_built=&#8220;1&#8243; fullwidth=&#8220;on&#8220; _builder_version=&#8220;4.16&#8243; _module_preset=&#8220;default&#8220; vertical_offset_tablet=&#8220;&#8220; vertical_offset_phone=&#8220;0px&#8220; vertical_offset_last_edited=&#8220;on|phone&#8220; position_origin_a_tablet=&#8220;&#8220; position_origin_a_phone=&#8220;&#8220; position_origin_a_last_edited=&#8220;on|desktop&#8220; position_origin_f_tablet=&#8220;&#8220; position_origin_f_phone=&#8220;&#8220; position_origin_f_last_edited=&#8220;on|desktop&#8220; position_origin_r_tablet=&#8220;&#8220; position_origin_r_phone=&#8220;&#8220; position_origin_r_last_edited=&#8220;on|tablet&#8220; custom_padding=&#8220;||||true|false&#8220; positioning_tablet=&#8220;&#8220; positioning_phone=&#8220;&#8220; positioning_last_edited=&#8220;on|desktop&#8220; locked=&#8220;off&#8220; global_colors_info=&#8220;{}&#8220;][et_pb_fullwidth_slider show_pagination=&#8220;off&#8220; _builder_version=&#8220;4.27.2&#8243; _module_preset=&#8220;default&#8220; background_enable_color=&#8220;off&#8220; height=&#8220;100vh&#8220; height_tablet=&#8220;650px&#8220; height_phone=&#8220;320px&#8220; height_last_edited=&#8220;on|phone&#8220; custom_padding=&#8220;20vw||20vw||true|false&#8220; custom_padding_tablet=&#8220;40vw||40vw||true|false&#8220; custom_padding_phone=&#8220;&#8220; custom_padding_last_edited=&#8220;on|phone&#8220; auto=&#8220;on&#8220; global_colors_info=&#8220;{}&#8220; header_2_line_height_last_edited=&#8220;on|phone&#8220;][et_pb_slide _builder_version=&#8220;4.27.2&#8243; _module_preset=&#8220;default&#8220; header_font=&#8220;helveticaNeueBold|||on|||||&#8220; header_text_align=&#8220;center&#8220; header_font_size=&#8220;50px&#8220; header_letter_spacing=&#8220;20px&#8220; header_line_height=&#8220;1.2em&#8220; background_color=&#8220;rgba(0,0,0,0.38)&#8220; background_enable_color=&#8220;on&#8220; background_image=&#8220;https:\/\/rouvinez.com\/wp-content\/uploads\/2024\/11\/Domaines-Rouvinez-Degustation-Vin-Geronde-5.jpg&#8220; background_enable_image=&#8220;on&#8220; background_blend=&#8220;overlay&#8220; header_font_size_tablet=&#8220;40px&#8220; header_font_size_phone=&#8220;32px&#8220; header_letter_spacing_tablet=&#8220;15px&#8220; header_letter_spacing_phone=&#8220;11px&#8220; header_letter_spacing_last_edited=&#8220;on|desktop&#8220; global_colors_info=&#8220;{}&#8220; sticky_transition=&#8220;on&#8220;][\/et_pb_slide][\/et_pb_fullwidth_slider][\/et_pb_section][et_pb_section fb_built=&#8220;1&#8243; _builder_version=&#8220;4.16&#8243; _module_preset=&#8220;default&#8220; custom_padding=&#8220;0px||0px||false|false&#8220; locked=&#8220;off&#8220; global_colors_info=&#8220;{}&#8220;][et_pb_row _builder_version=&#8220;4.16&#8243; _module_preset=&#8220;default&#8220; position_origin_a=&#8220;top_center&#8220; custom_margin=&#8220;||||false|false&#8220; custom_margin_tablet=&#8220;&#8220; custom_margin_phone=&#8220;&#8220; custom_margin_last_edited=&#8220;on|desktop&#8220; custom_padding=&#8220;0px||0px||false|false&#8220; global_colors_info=&#8220;{}&#8220;][et_pb_column type=&#8220;4_4&#8243; _builder_version=&#8220;4.16&#8243; _module_preset=&#8220;default&#8220; global_colors_info=&#8220;{}&#8220;][et_pb_text _builder_version=&#8220;4.27.2&#8243; _module_preset=&#8220;default&#8220; header_font=&#8220;Bodoni Moda|800||on|||||&#8220; header_text_align=&#8220;center&#8220; header_text_color=&#8220;#FFFFFF&#8220; header_font_size=&#8220;74px&#8220; header_letter_spacing=&#8220;11px&#8220; header_line_height=&#8220;1.2em&#8220; positioning=&#8220;absolute&#8220; position_origin_a=&#8220;top_center&#8220; vertical_offset=&#8220;-22vw&#8220; vertical_offset_tablet=&#8220;-68vw&#8220; vertical_offset_phone=&#8220;-44vw&#8220; vertical_offset_last_edited=&#8220;on|phone&#8220; position_origin_a_tablet=&#8220;&#8220; position_origin_a_phone=&#8220;&#8220; position_origin_a_last_edited=&#8220;on|tablet&#8220; position_origin_f_tablet=&#8220;&#8220; position_origin_f_phone=&#8220;&#8220; position_origin_f_last_edited=&#8220;on|desktop&#8220; position_origin_r_tablet=&#8220;&#8220; position_origin_r_phone=&#8220;&#8220; position_origin_r_last_edited=&#8220;on|desktop&#8220; width=&#8220;100%&#8220; custom_padding=&#8220;60px||0px||false|false&#8220; custom_padding_tablet=&#8220;253px||0px||false|false&#8220; custom_padding_phone=&#8220;42px||||false|false&#8220; custom_padding_last_edited=&#8220;on|phone&#8220; animation_style=&#8220;fade&#8220; animation_duration=&#8220;500ms&#8220; hover_enabled=&#8220;0&#8243; text_font_size_tablet=&#8220;&#8220; text_font_size_phone=&#8220;&#8220; text_font_size_last_edited=&#8220;on|desktop&#8220; header_font_size_tablet=&#8220;57px&#8220; header_font_size_phone=&#8220;29px&#8220; header_font_size_last_edited=&#8220;on|tablet&#8220; header_2_font_size_phone=&#8220;32px&#8220; positioning_tablet=&#8220;&#8220; positioning_phone=&#8220;&#8220; positioning_last_edited=&#8220;on|tablet&#8220; global_colors_info=&#8220;{}&#8220; sticky_enabled=&#8220;0&#8243;]<\/p>\n<h1>Unsere Weinproben<\/h1>\n<p>[\/et_pb_text][et_pb_image src=&#8220;https:\/\/rouvinez.com\/wp-content\/uploads\/2021\/08\/arrowDown.png&#8220; title_text=&#8220;arrowDown&#8220; url=&#8220;#contact&#8220; align=&#8220;center&#8220; disabled_on=&#8220;on|on|off&#8220; admin_label=&#8220;fl\u00e8che desktop&#8220; module_id=&#8220;arrowdown&#8220; _builder_version=&#8220;4.16&#8243; _module_preset=&#8220;default&#8220; positioning=&#8220;absolute&#8220; vertical_offset=&#8220;-6vw&#8220; width=&#8220;100%&#8220; global_colors_info=&#8220;{}&#8220;][\/et_pb_image][\/et_pb_column][\/et_pb_row][\/et_pb_section][et_pb_section fb_built=&#8220;1&#8243; _builder_version=&#8220;4.27.2&#8243; _module_preset=&#8220;default&#8220; custom_padding=&#8220;13px|||||&#8220; global_colors_info=&#8220;{}&#8220;][et_pb_row _builder_version=&#8220;4.27.2&#8243; _module_preset=&#8220;default&#8220; background_color=&#8220;RGBA(255,255,255,0)&#8220; global_colors_info=&#8220;{}&#8220;][et_pb_column type=&#8220;4_4&#8243; _builder_version=&#8220;4.27.2&#8243; _module_preset=&#8220;default&#8220; global_colors_info=&#8220;{}&#8220;][et_pb_text _builder_version=&#8220;4.27.2&#8243; _module_preset=&#8220;default&#8220; header_2_font=&#8220;Cormorant Garamond|700|||||||&#8220; header_2_text_color=&#8220;#000000&#8243; header_2_font_size=&#8220;50px&#8220; header_2_letter_spacing=&#8220;2px&#8220; header_2_line_height=&#8220;1em&#8220; hover_enabled=&#8220;0&#8243; global_colors_info=&#8220;{}&#8220; sticky_enabled=&#8220;0&#8243;]<\/p>\n<h2>Besuch und Weinprobe bei den Domaines Rouvinez<\/h2>\n<p>[\/et_pb_text][et_pb_text _builder_version=&#8220;4.27.2&#8243; _module_preset=&#8220;default&#8220; header_text_align=&#8220;left&#8220; header_2_font=&#8220;Bodoni Moda|600|||||||&#8220; header_2_text_align=&#8220;left&#8220; header_2_text_color=&#8220;#000000&#8243; header_2_font_size=&#8220;35px&#8220; header_2_letter_spacing=&#8220;4px&#8220; header_2_line_height=&#8220;1.1em&#8220; text_orientation=&#8220;center&#8220; global_colors_info=&#8220;{}&#8220;]<\/p>\n<p>Erleben Sie eine einzigartige Erfahrung im Herzen der Domaines Rouvinez auf dem charmanten H\u00fcgel von G\u00e9ronde in Sierre. Tauchen Sie ein in die Weinwelt eines historischen Weinguts, das reich an Traditionen und Know-how ist und in dem die Familie Rouvinez ihr Erbe seit \u00fcber 75 Jahren mit Leidenschaft und Exzellenz weiterf\u00fchrt.<\/p>\n<p>[\/et_pb_text][\/et_pb_column][\/et_pb_row][et_pb_row column_structure=&#8220;1_2,1_2&#8243; _builder_version=&#8220;4.27.2&#8243; _module_preset=&#8220;default&#8220; background_color=&#8220;RGBA(255,255,255,0)&#8220; custom_padding=&#8220;||33px||false|false&#8220; hover_enabled=&#8220;0&#8243; global_colors_info=&#8220;{}&#8220; sticky_enabled=&#8220;0&#8243;][et_pb_column type=&#8220;1_2&#8243; _builder_version=&#8220;4.27.2&#8243; _module_preset=&#8220;default&#8220; global_colors_info=&#8220;{}&#8220;][et_pb_text _builder_version=&#8220;4.27.2&#8243; _module_preset=&#8220;default&#8220; header_3_font=&#8220;Cormorant Garamond|800|||||||&#8220; header_3_font_size=&#8220;32px&#8220; background_color=&#8220;RGBA(255,255,255,0)&#8220; custom_padding=&#8220;||||true|true&#8220; global_colors_info=&#8220;{}&#8220;]<\/p>\n<h3>Tauchen Sie ein in die Welt unserer Terroirs<\/h3>\n<p>Genie\u00dfen Sie eine F\u00fchrung durch unseren Weinkeller, der ein wahres Heiligtum f\u00fcr unsere au\u00dfergew\u00f6hnlichen Weine ist. W\u00e4hrend dieses Eintauchens erkunden Sie :<\/p>\n<ul>\n<li>Die emblematischen Terroirs, die den Reichtum und die Authentizit\u00e4t unserer Crus ausmachen.<\/li>\n<li>Die exklusive Pr\u00e4sentation unseres Weinbergs Club Famille Rouvinez, der unser Engagement f\u00fcr Exzellenz und Weinbautradition symbolisiert.<\/li>\n<li>Der Besuch gipfelt in einer kommentierten Verkostung von f\u00fcnf sorgf\u00e4ltig ausgew\u00e4hlten Weinen, begleitet von kleinen Salzigkeiten.<\/li>\n<\/ul>\n<p>Eine perfekte Gelegenheit, um die Essenz unseres Terroirs zu genie\u00dfen und subtile Kombinationen in einer geselligen Atmosph\u00e4re zu entdecken.<\/p>\n<h3>Ein Erlebnis auf dem Gipfel der Walliser Tradition<\/h3>\n<p>Wenn Sie sich daf\u00fcr entscheiden, diese Erfahrung mit uns zu machen, tauchen Sie in das Herz der Walliser Weinbaugeschichte ein. Eingebettet auf dem H\u00fcgel von G\u00e9ronde bietet das Familienweingut eine zauberhafte und authentische Umgebung, ideal f\u00fcr Weinliebhaber, Neugierige oder Kenner, die ihre Kenntnisse \u00fcber unsere Weine vertiefen m\u00f6chten.<\/p>\n<p>Buchen Sie jetzt f\u00fcr ein unvergessliches Erlebnis rund um den Wein und lassen Sie sich vom zeitlosen Charme der Domaines Rouvinez verzaubern.<\/p>\n<p>[\/et_pb_text][\/et_pb_column][et_pb_column type=&#8220;1_2&#8243; _builder_version=&#8220;4.27.2&#8243; _module_preset=&#8220;default&#8220; global_colors_info=&#8220;{}&#8220;][et_pb_image src=&#8220;https:\/\/rouvinez.com\/wp-content\/uploads\/2024\/11\/Domaines-Rouvinez-Degustation-Vin-Geronde-1-1024&#215;683.jpg&#8220; alt=&#8220;Domaines Rouvinez zwei Glas Weinprobe in Geronda&#8220; title_text=&#8220;Domaines Rouvinez Weinverkostung G\u00e9ronde 1&#8243; _builder_version=&#8220;4.27.2&#8243; _module_preset=&#8220;default&#8220; width=&#8220;100%&#8220; custom_margin=&#8220;||46px|||&#8220; box_shadow_style=&#8220;preset3&#8243; global_colors_info=&#8220;{}&#8220;][\/et_pb_image][et_pb_text _builder_version=&#8220;4.27.2&#8243; _module_preset=&#8220;default&#8220; header_font=&#8220;Cormorant Garamond|800|||||||&#8220; header_3_font=&#8220;Cormorant Garamond|800|||||||&#8220; header_3_font_size=&#8220;32px&#8220; header_3_letter_spacing=&#8220;2px&#8220; header_3_line_height=&#8220;1.4em&#8220; custom_margin=&#8220;37px||21px||false|false&#8220; global_colors_info=&#8220;{}&#8220;]<\/p>\n<h3>Praktische Informationen<\/h3>\n<ul>\n<li><strong>Reservierung ab 5 Personen erforderlich.<\/strong><\/li>\n<li>Dauer: Ca. 90 Minuten<\/li>\n<li>Preis: 25 CHF pro Person<\/li>\n<li>027 452 22 52 | <a href=\"mailto:info@rouvinez.com\">info@rouvinez.com<\/a><\/li>\n<\/ul>\n<p>[\/et_pb_text][\/et_pb_column][\/et_pb_row][et_pb_row _builder_version=&#8220;4.27.2&#8243; _module_preset=&#8220;default&#8220; global_colors_info=&#8220;{}&#8220;][et_pb_column type=&#8220;4_4&#8243; _builder_version=&#8220;4.27.2&#8243; _module_preset=&#8220;default&#8220; global_colors_info=&#8220;{}&#8220;][et_pb_button button_url=&#8220;mailto:info@rouvinez.com&#8220; button_text=&#8220; Buchen Sie Ihren Besuch!&#8220; button_alignment=&#8220;center&#8220; _builder_version=&#8220;4.27.2&#8243; _module_preset=&#8220;default&#8220; button_icon=&#8220;&#xe010;||divi||400&#8243; button_icon_placement=&#8220;left&#8220; hover_enabled=&#8220;0&#8243; global_colors_info=&#8220;{}&#8220; button_text_size=&#8220;18px&#8220; sticky_enabled=&#8220;0&#8243;][\/et_pb_button][\/et_pb_column][\/et_pb_row][\/et_pb_section]<\/p>\n","protected":false},"excerpt":{"rendered":"<p>Unsere WeinprobenBesuch und Weinprobe bei den Domaines RouvinezErleben Sie eine einzigartige Erfahrung im Herzen der Domaines Rouvinez auf dem charmanten H\u00fcgel von G\u00e9ronde in Sierre. Tauchen Sie ein in die Weinwelt eines historischen Weinguts, das reich an Traditionen und Know-how ist und in dem die Familie Rouvinez ihr Erbe seit \u00fcber 75 Jahren mit Leidenschaft [&hellip;]<\/p>\n","protected":false},"author":3,"featured_media":8417,"parent":0,"menu_order":0,"comment_status":"closed","ping_status":"closed","template":"","meta":{"_et_pb_use_builder":"on","_et_pb_old_content":"","_et_gb_content_width":"","inline_featured_image":false,"_monsterinsights_skip_tracking":false,"_monsterinsights_sitenote_active":false,"_monsterinsights_sitenote_note":"","_monsterinsights_sitenote_category":0,"footnotes":""},"class_list":["post-8737","page","type-page","status-publish","has-post-thumbnail","hentry"],"yoast_head":"<!-- This site is optimized with the Yoast SEO plugin v27.3 - https:\/\/yoast.com\/product\/yoast-seo-wordpress\/ -->\n<title>Unsere Weinproben - Domaines Rouvinez<\/title>\n<meta name=\"description\" content=\"Tauchen Sie ein in die Welt der Domaines Rouvinez in Sierre: Kellerbesichtigung, Verkostung von au\u00dfergew\u00f6hnlichen Weinen und Entdeckung des Walliser Terroirs.\" \/>\n<meta name=\"robots\" content=\"index, follow, max-snippet:-1, max-image-preview:large, max-video-preview:-1\" \/>\n<link rel=\"canonical\" href=\"https:\/\/rouvinez.com\/de\/unsere-weinproben\/\" \/>\n<meta property=\"og:locale\" content=\"de_DE\" \/>\n<meta property=\"og:type\" content=\"article\" \/>\n<meta property=\"og:title\" content=\"Unsere Weinproben - Domaines Rouvinez\" \/>\n<meta property=\"og:description\" content=\"Tauchen Sie ein in die Welt der Domaines Rouvinez in Sierre: Kellerbesichtigung, Verkostung von au\u00dfergew\u00f6hnlichen Weinen und Entdeckung des Walliser Terroirs.\" \/>\n<meta property=\"og:url\" content=\"https:\/\/rouvinez.com\/de\/unsere-weinproben\/\" \/>\n<meta property=\"og:site_name\" content=\"Domaines Rouvinez\" \/>\n<meta property=\"article:publisher\" content=\"https:\/\/www.facebook.com\/LaFamilleRouvinez\" \/>\n<meta property=\"article:modified_time\" content=\"2024-12-09T13:27:24+00:00\" \/>\n<meta property=\"og:image\" content=\"https:\/\/rouvinez.com\/wp-content\/uploads\/2024\/11\/Domaines-Rouvinez-Degustation-Vin-Geronde-5.jpg\" \/>\n\t<meta property=\"og:image:width\" content=\"2250\" \/>\n\t<meta property=\"og:image:height\" content=\"1500\" \/>\n\t<meta property=\"og:image:type\" content=\"image\/jpeg\" \/>\n<meta name=\"twitter:card\" content=\"summary_large_image\" \/>\n<meta name=\"twitter:label1\" content=\"Gesch\u00e4tzte Lesezeit\" \/>\n\t<meta name=\"twitter:data1\" content=\"6\u00a0Minuten\" \/>\n<script type=\"application\/ld+json\" class=\"yoast-schema-graph\">{\"@context\":\"https:\\\/\\\/schema.org\",\"@graph\":[{\"@type\":\"WebPage\",\"@id\":\"https:\\\/\\\/rouvinez.com\\\/de\\\/unsere-weinproben\\\/\",\"url\":\"https:\\\/\\\/rouvinez.com\\\/de\\\/unsere-weinproben\\\/\",\"name\":\"Unsere Weinproben - Domaines Rouvinez\",\"isPartOf\":{\"@id\":\"https:\\\/\\\/rouvinez.com\\\/de\\\/#website\"},\"primaryImageOfPage\":{\"@id\":\"https:\\\/\\\/rouvinez.com\\\/de\\\/unsere-weinproben\\\/#primaryimage\"},\"image\":{\"@id\":\"https:\\\/\\\/rouvinez.com\\\/de\\\/unsere-weinproben\\\/#primaryimage\"},\"thumbnailUrl\":\"https:\\\/\\\/rouvinez.com\\\/wp-content\\\/uploads\\\/2024\\\/11\\\/Domaines-Rouvinez-Degustation-Vin-Geronde-5.jpg\",\"datePublished\":\"2024-12-09T13:05:17+00:00\",\"dateModified\":\"2024-12-09T13:27:24+00:00\",\"description\":\"Tauchen Sie ein in die Welt der Domaines Rouvinez in Sierre: Kellerbesichtigung, Verkostung von au\u00dfergew\u00f6hnlichen Weinen und Entdeckung des Walliser Terroirs.\",\"breadcrumb\":{\"@id\":\"https:\\\/\\\/rouvinez.com\\\/de\\\/unsere-weinproben\\\/#breadcrumb\"},\"inLanguage\":\"de\",\"potentialAction\":[{\"@type\":\"ReadAction\",\"target\":[\"https:\\\/\\\/rouvinez.com\\\/de\\\/unsere-weinproben\\\/\"]}]},{\"@type\":\"ImageObject\",\"inLanguage\":\"de\",\"@id\":\"https:\\\/\\\/rouvinez.com\\\/de\\\/unsere-weinproben\\\/#primaryimage\",\"url\":\"https:\\\/\\\/rouvinez.com\\\/wp-content\\\/uploads\\\/2024\\\/11\\\/Domaines-Rouvinez-Degustation-Vin-Geronde-5.jpg\",\"contentUrl\":\"https:\\\/\\\/rouvinez.com\\\/wp-content\\\/uploads\\\/2024\\\/11\\\/Domaines-Rouvinez-Degustation-Vin-Geronde-5.jpg\",\"width\":2250,\"height\":1500,\"caption\":\"Domaines Rouvinez service lors d'une d\u00e9gustation de vin \u00e0 G\u00e9ronde\"},{\"@type\":\"BreadcrumbList\",\"@id\":\"https:\\\/\\\/rouvinez.com\\\/de\\\/unsere-weinproben\\\/#breadcrumb\",\"itemListElement\":[{\"@type\":\"ListItem\",\"position\":1,\"name\":\"Accueil\",\"item\":\"https:\\\/\\\/rouvinez.com\\\/de\\\/geschichte\\\/\"},{\"@type\":\"ListItem\",\"position\":2,\"name\":\"Unsere Weinproben\"}]},{\"@type\":\"WebSite\",\"@id\":\"https:\\\/\\\/rouvinez.com\\\/de\\\/#website\",\"url\":\"https:\\\/\\\/rouvinez.com\\\/de\\\/\",\"name\":\"Domaines Rouvinez\",\"description\":\"Go\u00fbt de l&#039;innovation et passion de l&#039;excellence\",\"publisher\":{\"@id\":\"https:\\\/\\\/rouvinez.com\\\/de\\\/#organization\"},\"potentialAction\":[{\"@type\":\"SearchAction\",\"target\":{\"@type\":\"EntryPoint\",\"urlTemplate\":\"https:\\\/\\\/rouvinez.com\\\/de\\\/?s={search_term_string}\"},\"query-input\":{\"@type\":\"PropertyValueSpecification\",\"valueRequired\":true,\"valueName\":\"search_term_string\"}}],\"inLanguage\":\"de\"},{\"@type\":\"Organization\",\"@id\":\"https:\\\/\\\/rouvinez.com\\\/de\\\/#organization\",\"name\":\"Domaines Rouvinez\",\"url\":\"https:\\\/\\\/rouvinez.com\\\/de\\\/\",\"logo\":{\"@type\":\"ImageObject\",\"inLanguage\":\"de\",\"@id\":\"https:\\\/\\\/rouvinez.com\\\/de\\\/#\\\/schema\\\/logo\\\/image\\\/\",\"url\":\"https:\\\/\\\/rouvinez.com\\\/wp-content\\\/uploads\\\/2021\\\/09\\\/20Fichier-11x-e1683538171203.png\",\"contentUrl\":\"https:\\\/\\\/rouvinez.com\\\/wp-content\\\/uploads\\\/2021\\\/09\\\/20Fichier-11x-e1683538171203.png\",\"width\":300,\"height\":171,\"caption\":\"Domaines Rouvinez\"},\"image\":{\"@id\":\"https:\\\/\\\/rouvinez.com\\\/de\\\/#\\\/schema\\\/logo\\\/image\\\/\"},\"sameAs\":[\"https:\\\/\\\/www.facebook.com\\\/LaFamilleRouvinez\",\"https:\\\/\\\/www.instagram.com\\\/famille.rouvinez\\\/\"]}]}<\/script>\n<!-- \/ Yoast SEO plugin. -->","yoast_head_json":{"title":"Unsere Weinproben - Domaines Rouvinez","description":"Tauchen Sie ein in die Welt der Domaines Rouvinez in Sierre: Kellerbesichtigung, Verkostung von au\u00dfergew\u00f6hnlichen Weinen und Entdeckung des Walliser Terroirs.","robots":{"index":"index","follow":"follow","max-snippet":"max-snippet:-1","max-image-preview":"max-image-preview:large","max-video-preview":"max-video-preview:-1"},"canonical":"https:\/\/rouvinez.com\/de\/unsere-weinproben\/","og_locale":"de_DE","og_type":"article","og_title":"Unsere Weinproben - Domaines Rouvinez","og_description":"Tauchen Sie ein in die Welt der Domaines Rouvinez in Sierre: Kellerbesichtigung, Verkostung von au\u00dfergew\u00f6hnlichen Weinen und Entdeckung des Walliser Terroirs.","og_url":"https:\/\/rouvinez.com\/de\/unsere-weinproben\/","og_site_name":"Domaines Rouvinez","article_publisher":"https:\/\/www.facebook.com\/LaFamilleRouvinez","article_modified_time":"2024-12-09T13:27:24+00:00","og_image":[{"width":2250,"height":1500,"url":"https:\/\/rouvinez.com\/wp-content\/uploads\/2024\/11\/Domaines-Rouvinez-Degustation-Vin-Geronde-5.jpg","type":"image\/jpeg"}],"twitter_card":"summary_large_image","twitter_misc":{"Gesch\u00e4tzte Lesezeit":"6\u00a0Minuten"},"schema":{"@context":"https:\/\/schema.org","@graph":[{"@type":"WebPage","@id":"https:\/\/rouvinez.com\/de\/unsere-weinproben\/","url":"https:\/\/rouvinez.com\/de\/unsere-weinproben\/","name":"Unsere Weinproben - Domaines Rouvinez","isPartOf":{"@id":"https:\/\/rouvinez.com\/de\/#website"},"primaryImageOfPage":{"@id":"https:\/\/rouvinez.com\/de\/unsere-weinproben\/#primaryimage"},"image":{"@id":"https:\/\/rouvinez.com\/de\/unsere-weinproben\/#primaryimage"},"thumbnailUrl":"https:\/\/rouvinez.com\/wp-content\/uploads\/2024\/11\/Domaines-Rouvinez-Degustation-Vin-Geronde-5.jpg","datePublished":"2024-12-09T13:05:17+00:00","dateModified":"2024-12-09T13:27:24+00:00","description":"Tauchen Sie ein in die Welt der Domaines Rouvinez in Sierre: Kellerbesichtigung, Verkostung von au\u00dfergew\u00f6hnlichen Weinen und Entdeckung des Walliser Terroirs.","breadcrumb":{"@id":"https:\/\/rouvinez.com\/de\/unsere-weinproben\/#breadcrumb"},"inLanguage":"de","potentialAction":[{"@type":"ReadAction","target":["https:\/\/rouvinez.com\/de\/unsere-weinproben\/"]}]},{"@type":"ImageObject","inLanguage":"de","@id":"https:\/\/rouvinez.com\/de\/unsere-weinproben\/#primaryimage","url":"https:\/\/rouvinez.com\/wp-content\/uploads\/2024\/11\/Domaines-Rouvinez-Degustation-Vin-Geronde-5.jpg","contentUrl":"https:\/\/rouvinez.com\/wp-content\/uploads\/2024\/11\/Domaines-Rouvinez-Degustation-Vin-Geronde-5.jpg","width":2250,"height":1500,"caption":"Domaines Rouvinez service lors d'une d\u00e9gustation de vin \u00e0 G\u00e9ronde"},{"@type":"BreadcrumbList","@id":"https:\/\/rouvinez.com\/de\/unsere-weinproben\/#breadcrumb","itemListElement":[{"@type":"ListItem","position":1,"name":"Accueil","item":"https:\/\/rouvinez.com\/de\/geschichte\/"},{"@type":"ListItem","position":2,"name":"Unsere Weinproben"}]},{"@type":"WebSite","@id":"https:\/\/rouvinez.com\/de\/#website","url":"https:\/\/rouvinez.com\/de\/","name":"Domaines Rouvinez","description":"Go\u00fbt de l&#039;innovation et passion de l&#039;excellence","publisher":{"@id":"https:\/\/rouvinez.com\/de\/#organization"},"potentialAction":[{"@type":"SearchAction","target":{"@type":"EntryPoint","urlTemplate":"https:\/\/rouvinez.com\/de\/?s={search_term_string}"},"query-input":{"@type":"PropertyValueSpecification","valueRequired":true,"valueName":"search_term_string"}}],"inLanguage":"de"},{"@type":"Organization","@id":"https:\/\/rouvinez.com\/de\/#organization","name":"Domaines Rouvinez","url":"https:\/\/rouvinez.com\/de\/","logo":{"@type":"ImageObject","inLanguage":"de","@id":"https:\/\/rouvinez.com\/de\/#\/schema\/logo\/image\/","url":"https:\/\/rouvinez.com\/wp-content\/uploads\/2021\/09\/20Fichier-11x-e1683538171203.png","contentUrl":"https:\/\/rouvinez.com\/wp-content\/uploads\/2021\/09\/20Fichier-11x-e1683538171203.png","width":300,"height":171,"caption":"Domaines Rouvinez"},"image":{"@id":"https:\/\/rouvinez.com\/de\/#\/schema\/logo\/image\/"},"sameAs":["https:\/\/www.facebook.com\/LaFamilleRouvinez","https:\/\/www.instagram.com\/famille.rouvinez\/"]}]}},"_links":{"self":[{"href":"https:\/\/rouvinez.com\/de\/wp-json\/wp\/v2\/pages\/8737","targetHints":{"allow":["GET"]}}],"collection":[{"href":"https:\/\/rouvinez.com\/de\/wp-json\/wp\/v2\/pages"}],"about":[{"href":"https:\/\/rouvinez.com\/de\/wp-json\/wp\/v2\/types\/page"}],"author":[{"embeddable":true,"href":"https:\/\/rouvinez.com\/de\/wp-json\/wp\/v2\/users\/3"}],"replies":[{"embeddable":true,"href":"https:\/\/rouvinez.com\/de\/wp-json\/wp\/v2\/comments?post=8737"}],"version-history":[{"count":5,"href":"https:\/\/rouvinez.com\/de\/wp-json\/wp\/v2\/pages\/8737\/revisions"}],"predecessor-version":[{"id":8775,"href":"https:\/\/rouvinez.com\/de\/wp-json\/wp\/v2\/pages\/8737\/revisions\/8775"}],"wp:featuredmedia":[{"embeddable":true,"href":"https:\/\/rouvinez.com\/de\/wp-json\/wp\/v2\/media\/8417"}],"wp:attachment":[{"href":"https:\/\/rouvinez.com\/de\/wp-json\/wp\/v2\/media?parent=8737"}],"curies":[{"name":"wp","href":"https:\/\/api.w.org\/{rel}","templated":true}]}}