{"id":5027,"date":"2022-11-15T16:35:17","date_gmt":"2022-11-15T15:35:17","guid":{"rendered":"https:\/\/rouvinez.com\/unsere-anekdoten\/der-bau-des-tunnels\/"},"modified":"2022-11-15T16:35:18","modified_gmt":"2022-11-15T15:35:18","slug":"der-bau-des-tunnels","status":"publish","type":"page","link":"https:\/\/rouvinez.com\/de\/unsere-anekdoten\/der-bau-des-tunnels\/","title":{"rendered":"Der Bau des Tunnels"},"content":{"rendered":"<p>[et_pb_section fb_built=&#8220;1&#8243; fullwidth=&#8220;on&#8220; _builder_version=&#8220;4.16&#8243; _module_preset=&#8220;default&#8220; vertical_offset_tablet=&#8220;&#8220; vertical_offset_phone=&#8220;0px&#8220; vertical_offset_last_edited=&#8220;on|phone&#8220; position_origin_a_tablet=&#8220;&#8220; position_origin_a_phone=&#8220;&#8220; position_origin_a_last_edited=&#8220;on|desktop&#8220; position_origin_f_tablet=&#8220;&#8220; position_origin_f_phone=&#8220;&#8220; position_origin_f_last_edited=&#8220;on|desktop&#8220; position_origin_r_tablet=&#8220;&#8220; position_origin_r_phone=&#8220;&#8220; position_origin_r_last_edited=&#8220;on|tablet&#8220; custom_padding=&#8220;||||true|false&#8220; positioning_tablet=&#8220;&#8220; positioning_phone=&#8220;&#8220; positioning_last_edited=&#8220;on|tablet&#8220; global_colors_info=&#8220;{}&#8220;][et_pb_fullwidth_slider show_pagination=&#8220;off&#8220; _builder_version=&#8220;4.18.0&#8243; _module_preset=&#8220;default&#8220; background_enable_color=&#8220;off&#8220; height=&#8220;100vh&#8220; height_tablet=&#8220;650px&#8220; height_phone=&#8220;320px&#8220; height_last_edited=&#8220;on|phone&#8220; custom_padding=&#8220;20vw||20vw||true|false&#8220; custom_padding_tablet=&#8220;40vw||40vw||true|false&#8220; custom_padding_phone=&#8220;&#8220; custom_padding_last_edited=&#8220;on|phone&#8220; auto=&#8220;on&#8220; hover_enabled=&#8220;0&#8243; global_colors_info=&#8220;{}&#8220; header_2_line_height_last_edited=&#8220;on|phone&#8220; sticky_enabled=&#8220;0&#8243;][et_pb_slide _builder_version=&#8220;4.18.0&#8243; _module_preset=&#8220;default&#8220; header_font=&#8220;helveticaNeueBold|||on|||||&#8220; header_text_align=&#8220;center&#8220; header_font_size=&#8220;50px&#8220; header_letter_spacing=&#8220;20px&#8220; header_line_height=&#8220;1.2em&#8220; background_image=&#8220;https:\/\/rouvinez.com\/wp-content\/uploads\/2021\/09\/DR_tunnel.jpg&#8220; background_enable_image=&#8220;on&#8220; background_blend=&#8220;overlay&#8220; hover_enabled=&#8220;0&#8243; header_font_size_tablet=&#8220;40px&#8220; header_font_size_phone=&#8220;32px&#8220; header_letter_spacing_tablet=&#8220;15px&#8220; header_letter_spacing_phone=&#8220;11px&#8220; header_letter_spacing_last_edited=&#8220;on|desktop&#8220; global_colors_info=&#8220;{}&#8220; sticky_transition=&#8220;on&#8220; alt=&#8220;Tunnel de G\u00e9ronde&#8220; title_text=&#8220;DR_tunnel&#8220; sticky_enabled=&#8220;0&#8243;][\/et_pb_slide][\/et_pb_fullwidth_slider][\/et_pb_section][et_pb_section fb_built=&#8220;1&#8243; module_id=&#8220;geronde&#8220; _builder_version=&#8220;4.16&#8243; _module_preset=&#8220;default&#8220; custom_padding=&#8220;0px||0px||false|false&#8220; global_colors_info=&#8220;{}&#8220;][et_pb_row _builder_version=&#8220;4.16&#8243; _module_preset=&#8220;default&#8220; position_origin_a=&#8220;top_center&#8220; custom_margin=&#8220;||||false|false&#8220; custom_margin_tablet=&#8220;&#8220; custom_margin_phone=&#8220;&#8220; custom_margin_last_edited=&#8220;on|desktop&#8220; custom_padding=&#8220;0px||0px||false|false&#8220; global_colors_info=&#8220;{}&#8220;][et_pb_column type=&#8220;4_4&#8243; _builder_version=&#8220;4.16&#8243; _module_preset=&#8220;default&#8220; global_colors_info=&#8220;{}&#8220;][et_pb_text admin_label=&#8220;Texte&#8220; module_id=&#8220;titreH2&#8243; _builder_version=&#8220;4.17.4&#8243; _module_preset=&#8220;default&#8220; text_font=&#8220;||||||||&#8220; text_text_color=&#8220;#FFFFFF&#8220; header_3_font=&#8220;arialBold||||||||&#8220; header_3_text_align=&#8220;center&#8220; header_3_text_color=&#8220;#FFFFFF&#8220; header_3_font_size=&#8220;30px&#8220; header_3_letter_spacing=&#8220;4px&#8220; header_3_line_height=&#8220;1.1em&#8220; background_enable_color=&#8220;off&#8220; positioning=&#8220;absolute&#8220; position_origin_a=&#8220;top_center&#8220; vertical_offset=&#8220;-24vw&#8220; vertical_offset_tablet=&#8220;-70vw&#8220; vertical_offset_phone=&#8220;-46vw&#8220; vertical_offset_last_edited=&#8220;on|phone&#8220; position_origin_a_tablet=&#8220;&#8220; position_origin_a_phone=&#8220;&#8220; position_origin_a_last_edited=&#8220;on|phone&#8220; position_origin_f_tablet=&#8220;&#8220; position_origin_f_phone=&#8220;&#8220; position_origin_f_last_edited=&#8220;on|tablet&#8220; position_origin_r_tablet=&#8220;&#8220; position_origin_r_phone=&#8220;&#8220; position_origin_r_last_edited=&#8220;on|tablet&#8220; text_orientation=&#8220;center&#8220; width=&#8220;100%&#8220; custom_margin=&#8220;||1px||false|false&#8220; custom_padding=&#8220;5px||5px||true|false&#8220; animation_style=&#8220;slide&#8220; animation_direction=&#8220;top&#8220; animation_duration=&#8220;500ms&#8220; header_2_font_size_phone=&#8220;32px&#8220; header_2_line_height_tablet=&#8220;&#8220; header_2_line_height_phone=&#8220;&#8220; header_2_line_height_last_edited=&#8220;on|phone&#8220; header_3_font_size_tablet=&#8220;20px&#8220; header_3_font_size_phone=&#8220;16px&#8220; header_3_font_size_last_edited=&#8220;on|phone&#8220; header_3_letter_spacing_tablet=&#8220;3px&#8220; header_3_letter_spacing_phone=&#8220;1px&#8220; header_3_letter_spacing_last_edited=&#8220;on|desktop&#8220; positioning_tablet=&#8220;&#8220; positioning_phone=&#8220;&#8220; positioning_last_edited=&#8220;on|tablet&#8220; inline_fonts=&#8220;Times New Roman&#8220; global_colors_info=&#8220;{}&#8220;]<\/p>\n<h2>Anekdoten<br \/>\naus 75 Jahren<\/h2>\n<p>[\/et_pb_text][et_pb_image src=&#8220;https:\/\/rouvinez.com\/wp-content\/uploads\/2021\/08\/arrowDown.png&#8220; title_text=&#8220;arrowDown&#8220; url=&#8220;#neznoir&#8220; align=&#8220;center&#8220; disabled_on=&#8220;on|on|off&#8220; admin_label=&#8220;fl\u00e8che desktop&#8220; module_id=&#8220;arrowdown&#8220; _builder_version=&#8220;4.16&#8243; _module_preset=&#8220;default&#8220; positioning=&#8220;absolute&#8220; vertical_offset=&#8220;-6vw&#8220; width=&#8220;100%&#8220; global_colors_info=&#8220;{}&#8220;][\/et_pb_image][\/et_pb_column][\/et_pb_row][\/et_pb_section][et_pb_section fb_built=&#8220;1&#8243; custom_padding_last_edited=&#8220;on|phone&#8220; disabled_on=&#8220;off|off|off&#8220; module_id=&#8220;geronde&#8220; _builder_version=&#8220;4.16&#8243; _module_preset=&#8220;default&#8220; vertical_offset_tablet=&#8220;&#8220; vertical_offset_phone=&#8220;0px&#8220; vertical_offset_last_edited=&#8220;on|phone&#8220; position_origin_a_tablet=&#8220;&#8220; position_origin_a_phone=&#8220;&#8220; position_origin_a_last_edited=&#8220;on|desktop&#8220; position_origin_f_tablet=&#8220;&#8220; position_origin_f_phone=&#8220;&#8220; position_origin_f_last_edited=&#8220;on|desktop&#8220; position_origin_r_tablet=&#8220;&#8220; position_origin_r_phone=&#8220;&#8220; position_origin_r_last_edited=&#8220;on|desktop&#8220; custom_margin_tablet=&#8220;||||false|false&#8220; custom_margin_phone=&#8220;||0px||false|false&#8220; custom_margin_last_edited=&#8220;on|tablet&#8220; custom_padding=&#8220;0px||||false|false&#8220; custom_padding_tablet=&#8220;||0px||false|false&#8220; custom_padding_phone=&#8220;||0px||false|false&#8220; positioning_tablet=&#8220;&#8220; positioning_phone=&#8220;&#8220; positioning_last_edited=&#8220;on|desktop&#8220; global_colors_info=&#8220;{}&#8220;][et_pb_row use_custom_gutter=&#8220;on&#8220; custom_padding_last_edited=&#8220;on|phone&#8220; _builder_version=&#8220;4.16&#8243; _module_preset=&#8220;default&#8220; background_enable_image=&#8220;off&#8220; background_size=&#8220;initial&#8220; background_position=&#8220;top_left&#8220; width_tablet=&#8220;&#8220; width_phone=&#8220;100%&#8220; width_last_edited=&#8220;on|phone&#8220; custom_margin=&#8220;6px|auto||auto||&#8220; custom_padding=&#8220;||0px||false|false&#8220; custom_padding_tablet=&#8220;&#8220; custom_padding_phone=&#8220;|30px||30px|false|false&#8220; global_colors_info=&#8220;{}&#8220;][et_pb_column type=&#8220;4_4&#8243; _builder_version=&#8220;4.16&#8243; _module_preset=&#8220;default&#8220; background_image=&#8220;https:\/\/rouvinez.com\/wp-content\/uploads\/2021\/10\/DR_arriereplan-texteV4.jpg&#8220; global_colors_info=&#8220;{}&#8220;][et_pb_text _builder_version=&#8220;4.17.4&#8243; _module_preset=&#8220;default&#8220; text_letter_spacing=&#8220;6px&#8220; header_2_font=&#8220;HelveticaNeue|||on|||||&#8220; header_3_text_color=&#8220;#4f4f4f&#8220; header_3_letter_spacing=&#8220;7px&#8220; header_3_line_height=&#8220;1.4em&#8220; background_color=&#8220;#ffffff&#8220; background_enable_image=&#8220;off&#8220; custom_margin=&#8220;||-10px||false|false&#8220; custom_margin_tablet=&#8220;&#8220; custom_margin_phone=&#8220;||||false|false&#8220; custom_margin_last_edited=&#8220;on|phone&#8220; mix_blend_mode=&#8220;screen&#8220; header_3_font_size_tablet=&#8220;42px&#8220; header_3_font_size_phone=&#8220;36px&#8220; header_3_font_size_last_edited=&#8220;on|phone&#8220; inline_fonts=&#8220;Times New Roman,aurorac,timesNewRoman&#8220; global_colors_info=&#8220;{}&#8220;]<\/p>\n<h3>Der Bau des Tunnels<\/h3>\n<p>[\/et_pb_text][\/et_pb_column][\/et_pb_row][et_pb_row use_custom_gutter=&#8220;on&#8220; custom_padding_last_edited=&#8220;on|phone&#8220; _builder_version=&#8220;4.16&#8243; _module_preset=&#8220;default&#8220; background_enable_image=&#8220;off&#8220; background_size=&#8220;initial&#8220; background_position=&#8220;top_left&#8220; width_tablet=&#8220;&#8220; width_phone=&#8220;100%&#8220; width_last_edited=&#8220;on|phone&#8220; custom_margin=&#8220;6px|auto||auto||&#8220; custom_padding=&#8220;||0px||false|false&#8220; custom_padding_tablet=&#8220;&#8220; custom_padding_phone=&#8220;|30px||30px|false|false&#8220; global_colors_info=&#8220;{}&#8220;][et_pb_column type=&#8220;4_4&#8243; _builder_version=&#8220;4.16&#8243; _module_preset=&#8220;default&#8220; global_colors_info=&#8220;{}&#8220;][et_pb_text module_class=&#8220;puce&#8220; _builder_version=&#8220;4.18.0&#8243; _module_preset=&#8220;default&#8220; header_2_font=&#8220;HelveticaNeue|||on|||||&#8220; header_3_font=&#8220;helveticaNeue|900|||||||&#8220; header_3_text_color=&#8220;rgba(33,33,33,0.64)&#8220; header_3_letter_spacing=&#8220;7px&#8220; header_3_line_height=&#8220;1.4em&#8220; background_enable_color=&#8220;off&#8220; custom_margin=&#8220;||20px|2.3%|false|false&#8220; custom_margin_phone=&#8220;||||false|false&#8220; custom_margin_last_edited=&#8220;off|desktop&#8220; custom_padding_tablet=&#8220;&#8220; custom_padding_phone=&#8220;|||13%|false|false&#8220; custom_padding_last_edited=&#8220;on|desktop&#8220; mix_blend_mode=&#8220;screen&#8220; hover_enabled=&#8220;0&#8243; header_3_font_size_tablet=&#8220;42px&#8220; header_3_font_size_phone=&#8220;36px&#8220; header_3_font_size_last_edited=&#8220;on|phone&#8220; global_colors_info=&#8220;{}&#8220; sticky_enabled=&#8220;0&#8243;]<\/p>\n<ul>\n<li>\n<p>Ein seltsames Verkehrsaufkommen von Lastwagen, die regelm\u00e4ssig mit Erde beladen von der Colline de G\u00e9ronde kamen, macht 1990 in Sierre auf sich aufmerksam. Die Einwohner der Sonnenstadt fragen sich, was auf dem Gipfel des H\u00fcgels vor sich gehen mag. Denn es ist ein Ort, der zwei sehr unterschiedliche Kulte beherbergt. Dort befindet sich einerseits ein Bernhardinerinnenkloster und andererseits der Weinkeller von Rouvinez, seit 75 Jahren die Wiege der Familie, der die Freunde des Bacchus empf\u00e4ngt. Die Leute in Sierre werden unruhig. Werden vielleicht gerade weitere arch\u00e4ologische \u00dcberreste entdeckt? G\u00e9ronde ist der \u00e4lteste bewohnte Ort in Sierre, man fand dort Gegenst\u00e4nde und Gr\u00e4ber aus der Jungsteinzeit. Ausgrabungen erwiesen dann die Existenz einer Kirche aus dem 5. Jahrhundert an der Stelle des heutigen Klosters. Aufmerksam beobachten die Einwohner von Sierre die ber\u00fchmte Mauer einer Ruine, die von einer dem Heiligen Felix geweihten Kapelle aus karolingischer Zeit stammt. Hat diese Kirche aus dem Jahr 800 n. Chr. vielleicht noch nicht alle ihre Geheimnisse preisgegeben?<\/p>\n<p>In der Stadt machen Ger\u00fcchte die Runde und die Bev\u00f6lkerung stellt sich weiterhin Fragen. Auch die Politiker und die Honorationen der Stadt mischen sich in die Diskussion ein. Was geht auf G\u00e9ronde vor?<\/p>\n<p>Nichts weiter als der Bau eines Fasskellers in Form eines Tunnels. Er beherbergt die Barrique-F\u00e4sser, die f\u00fcr die Herstellung des Tourmentin und des Tr\u00e9maille bestimmt sind. Im Laufe der Zeit wird dieser Fasskeller zum sch\u00f6nsten Wahrzeichen der Kellerei von G\u00e9ronde werden.<\/p>\n<\/li>\n<\/ul>\n<p>[\/et_pb_text][\/et_pb_column][\/et_pb_row][\/et_pb_section]<\/p>\n","protected":false},"excerpt":{"rendered":"<p>Anekdoten aus 75 JahrenDer Bau des Tunnels Ein seltsames Verkehrsaufkommen von Lastwagen, die regelm\u00e4ssig mit Erde beladen von der Colline de G\u00e9ronde kamen, macht 1990 in Sierre auf sich aufmerksam. Die Einwohner der Sonnenstadt fragen sich, was auf dem Gipfel des H\u00fcgels vor sich gehen mag. Denn es ist ein Ort, der zwei sehr unterschiedliche [&hellip;]<\/p>\n","protected":false},"author":3,"featured_media":0,"parent":4432,"menu_order":0,"comment_status":"closed","ping_status":"closed","template":"","meta":{"_et_pb_use_builder":"on","_et_pb_old_content":"","_et_gb_content_width":"","inline_featured_image":false,"_monsterinsights_skip_tracking":false,"_monsterinsights_sitenote_active":false,"_monsterinsights_sitenote_note":"","_monsterinsights_sitenote_category":0,"footnotes":""},"class_list":["post-5027","page","type-page","status-publish","hentry"],"yoast_head":"<!-- This site is optimized with the Yoast SEO plugin v27.3 - https:\/\/yoast.com\/product\/yoast-seo-wordpress\/ -->\n<title>Der Bau des Tunnels - Domaines Rouvinez<\/title>\n<meta name=\"description\" content=\"Anekdoten aus 75 Jahren: Der Bau des Tunnels\" \/>\n<meta name=\"robots\" content=\"index, follow, max-snippet:-1, max-image-preview:large, max-video-preview:-1\" \/>\n<link rel=\"canonical\" href=\"https:\/\/rouvinez.com\/de\/unsere-anekdoten\/der-bau-des-tunnels\/\" \/>\n<meta property=\"og:locale\" content=\"de_DE\" \/>\n<meta property=\"og:type\" content=\"article\" \/>\n<meta property=\"og:title\" content=\"Der Bau des Tunnels - Domaines Rouvinez\" \/>\n<meta property=\"og:description\" content=\"Anekdoten aus 75 Jahren: Der Bau des Tunnels\" \/>\n<meta property=\"og:url\" content=\"https:\/\/rouvinez.com\/de\/unsere-anekdoten\/der-bau-des-tunnels\/\" \/>\n<meta property=\"og:site_name\" content=\"Domaines Rouvinez\" \/>\n<meta property=\"article:publisher\" content=\"https:\/\/www.facebook.com\/LaFamilleRouvinez\" \/>\n<meta property=\"article:modified_time\" content=\"2022-11-15T15:35:18+00:00\" \/>\n<meta name=\"twitter:card\" content=\"summary_large_image\" \/>\n<meta name=\"twitter:label1\" content=\"Gesch\u00e4tzte Lesezeit\" \/>\n\t<meta name=\"twitter:data1\" content=\"7\u00a0Minuten\" \/>\n<script type=\"application\/ld+json\" class=\"yoast-schema-graph\">{\"@context\":\"https:\\\/\\\/schema.org\",\"@graph\":[{\"@type\":\"WebPage\",\"@id\":\"https:\\\/\\\/rouvinez.com\\\/de\\\/unsere-anekdoten\\\/der-bau-des-tunnels\\\/\",\"url\":\"https:\\\/\\\/rouvinez.com\\\/de\\\/unsere-anekdoten\\\/der-bau-des-tunnels\\\/\",\"name\":\"Der Bau des Tunnels - Domaines Rouvinez\",\"isPartOf\":{\"@id\":\"https:\\\/\\\/rouvinez.com\\\/de\\\/#website\"},\"datePublished\":\"2022-11-15T15:35:17+00:00\",\"dateModified\":\"2022-11-15T15:35:18+00:00\",\"description\":\"Anekdoten aus 75 Jahren: Der Bau des Tunnels\",\"breadcrumb\":{\"@id\":\"https:\\\/\\\/rouvinez.com\\\/de\\\/unsere-anekdoten\\\/der-bau-des-tunnels\\\/#breadcrumb\"},\"inLanguage\":\"de\",\"potentialAction\":[{\"@type\":\"ReadAction\",\"target\":[\"https:\\\/\\\/rouvinez.com\\\/de\\\/unsere-anekdoten\\\/der-bau-des-tunnels\\\/\"]}]},{\"@type\":\"BreadcrumbList\",\"@id\":\"https:\\\/\\\/rouvinez.com\\\/de\\\/unsere-anekdoten\\\/der-bau-des-tunnels\\\/#breadcrumb\",\"itemListElement\":[{\"@type\":\"ListItem\",\"position\":1,\"name\":\"Accueil\",\"item\":\"https:\\\/\\\/rouvinez.com\\\/de\\\/geschichte\\\/\"},{\"@type\":\"ListItem\",\"position\":2,\"name\":\"Unsere Anekdoten\",\"item\":\"https:\\\/\\\/rouvinez.com\\\/de\\\/nos-anecdotes\\\/\"},{\"@type\":\"ListItem\",\"position\":3,\"name\":\"Der Bau des Tunnels\"}]},{\"@type\":\"WebSite\",\"@id\":\"https:\\\/\\\/rouvinez.com\\\/de\\\/#website\",\"url\":\"https:\\\/\\\/rouvinez.com\\\/de\\\/\",\"name\":\"Domaines Rouvinez\",\"description\":\"Go\u00fbt de l&#039;innovation et passion de l&#039;excellence\",\"publisher\":{\"@id\":\"https:\\\/\\\/rouvinez.com\\\/de\\\/#organization\"},\"potentialAction\":[{\"@type\":\"SearchAction\",\"target\":{\"@type\":\"EntryPoint\",\"urlTemplate\":\"https:\\\/\\\/rouvinez.com\\\/de\\\/?s={search_term_string}\"},\"query-input\":{\"@type\":\"PropertyValueSpecification\",\"valueRequired\":true,\"valueName\":\"search_term_string\"}}],\"inLanguage\":\"de\"},{\"@type\":\"Organization\",\"@id\":\"https:\\\/\\\/rouvinez.com\\\/de\\\/#organization\",\"name\":\"Domaines Rouvinez\",\"url\":\"https:\\\/\\\/rouvinez.com\\\/de\\\/\",\"logo\":{\"@type\":\"ImageObject\",\"inLanguage\":\"de\",\"@id\":\"https:\\\/\\\/rouvinez.com\\\/de\\\/#\\\/schema\\\/logo\\\/image\\\/\",\"url\":\"https:\\\/\\\/rouvinez.com\\\/wp-content\\\/uploads\\\/2021\\\/09\\\/20Fichier-11x-e1683538171203.png\",\"contentUrl\":\"https:\\\/\\\/rouvinez.com\\\/wp-content\\\/uploads\\\/2021\\\/09\\\/20Fichier-11x-e1683538171203.png\",\"width\":300,\"height\":171,\"caption\":\"Domaines Rouvinez\"},\"image\":{\"@id\":\"https:\\\/\\\/rouvinez.com\\\/de\\\/#\\\/schema\\\/logo\\\/image\\\/\"},\"sameAs\":[\"https:\\\/\\\/www.facebook.com\\\/LaFamilleRouvinez\",\"https:\\\/\\\/www.instagram.com\\\/famille.rouvinez\\\/\"]}]}<\/script>\n<!-- \/ Yoast SEO plugin. -->","yoast_head_json":{"title":"Der Bau des Tunnels - Domaines Rouvinez","description":"Anekdoten aus 75 Jahren: Der Bau des Tunnels","robots":{"index":"index","follow":"follow","max-snippet":"max-snippet:-1","max-image-preview":"max-image-preview:large","max-video-preview":"max-video-preview:-1"},"canonical":"https:\/\/rouvinez.com\/de\/unsere-anekdoten\/der-bau-des-tunnels\/","og_locale":"de_DE","og_type":"article","og_title":"Der Bau des Tunnels - Domaines Rouvinez","og_description":"Anekdoten aus 75 Jahren: Der Bau des Tunnels","og_url":"https:\/\/rouvinez.com\/de\/unsere-anekdoten\/der-bau-des-tunnels\/","og_site_name":"Domaines Rouvinez","article_publisher":"https:\/\/www.facebook.com\/LaFamilleRouvinez","article_modified_time":"2022-11-15T15:35:18+00:00","twitter_card":"summary_large_image","twitter_misc":{"Gesch\u00e4tzte Lesezeit":"7\u00a0Minuten"},"schema":{"@context":"https:\/\/schema.org","@graph":[{"@type":"WebPage","@id":"https:\/\/rouvinez.com\/de\/unsere-anekdoten\/der-bau-des-tunnels\/","url":"https:\/\/rouvinez.com\/de\/unsere-anekdoten\/der-bau-des-tunnels\/","name":"Der Bau des Tunnels - Domaines Rouvinez","isPartOf":{"@id":"https:\/\/rouvinez.com\/de\/#website"},"datePublished":"2022-11-15T15:35:17+00:00","dateModified":"2022-11-15T15:35:18+00:00","description":"Anekdoten aus 75 Jahren: Der Bau des Tunnels","breadcrumb":{"@id":"https:\/\/rouvinez.com\/de\/unsere-anekdoten\/der-bau-des-tunnels\/#breadcrumb"},"inLanguage":"de","potentialAction":[{"@type":"ReadAction","target":["https:\/\/rouvinez.com\/de\/unsere-anekdoten\/der-bau-des-tunnels\/"]}]},{"@type":"BreadcrumbList","@id":"https:\/\/rouvinez.com\/de\/unsere-anekdoten\/der-bau-des-tunnels\/#breadcrumb","itemListElement":[{"@type":"ListItem","position":1,"name":"Accueil","item":"https:\/\/rouvinez.com\/de\/geschichte\/"},{"@type":"ListItem","position":2,"name":"Unsere Anekdoten","item":"https:\/\/rouvinez.com\/de\/nos-anecdotes\/"},{"@type":"ListItem","position":3,"name":"Der Bau des Tunnels"}]},{"@type":"WebSite","@id":"https:\/\/rouvinez.com\/de\/#website","url":"https:\/\/rouvinez.com\/de\/","name":"Domaines Rouvinez","description":"Go\u00fbt de l&#039;innovation et passion de l&#039;excellence","publisher":{"@id":"https:\/\/rouvinez.com\/de\/#organization"},"potentialAction":[{"@type":"SearchAction","target":{"@type":"EntryPoint","urlTemplate":"https:\/\/rouvinez.com\/de\/?s={search_term_string}"},"query-input":{"@type":"PropertyValueSpecification","valueRequired":true,"valueName":"search_term_string"}}],"inLanguage":"de"},{"@type":"Organization","@id":"https:\/\/rouvinez.com\/de\/#organization","name":"Domaines Rouvinez","url":"https:\/\/rouvinez.com\/de\/","logo":{"@type":"ImageObject","inLanguage":"de","@id":"https:\/\/rouvinez.com\/de\/#\/schema\/logo\/image\/","url":"https:\/\/rouvinez.com\/wp-content\/uploads\/2021\/09\/20Fichier-11x-e1683538171203.png","contentUrl":"https:\/\/rouvinez.com\/wp-content\/uploads\/2021\/09\/20Fichier-11x-e1683538171203.png","width":300,"height":171,"caption":"Domaines Rouvinez"},"image":{"@id":"https:\/\/rouvinez.com\/de\/#\/schema\/logo\/image\/"},"sameAs":["https:\/\/www.facebook.com\/LaFamilleRouvinez","https:\/\/www.instagram.com\/famille.rouvinez\/"]}]}},"_links":{"self":[{"href":"https:\/\/rouvinez.com\/de\/wp-json\/wp\/v2\/pages\/5027","targetHints":{"allow":["GET"]}}],"collection":[{"href":"https:\/\/rouvinez.com\/de\/wp-json\/wp\/v2\/pages"}],"about":[{"href":"https:\/\/rouvinez.com\/de\/wp-json\/wp\/v2\/types\/page"}],"author":[{"embeddable":true,"href":"https:\/\/rouvinez.com\/de\/wp-json\/wp\/v2\/users\/3"}],"replies":[{"embeddable":true,"href":"https:\/\/rouvinez.com\/de\/wp-json\/wp\/v2\/comments?post=5027"}],"version-history":[{"count":2,"href":"https:\/\/rouvinez.com\/de\/wp-json\/wp\/v2\/pages\/5027\/revisions"}],"predecessor-version":[{"id":5029,"href":"https:\/\/rouvinez.com\/de\/wp-json\/wp\/v2\/pages\/5027\/revisions\/5029"}],"up":[{"embeddable":true,"href":"https:\/\/rouvinez.com\/de\/wp-json\/wp\/v2\/pages\/4432"}],"wp:attachment":[{"href":"https:\/\/rouvinez.com\/de\/wp-json\/wp\/v2\/media?parent=5027"}],"curies":[{"name":"wp","href":"https:\/\/api.w.org\/{rel}","templated":true}]}}