{"id":4620,"date":"2022-06-09T10:54:04","date_gmt":"2022-06-09T08:54:04","guid":{"rendered":"https:\/\/rouvinez.com\/unsere-anekdoten\/anekdoten-die-lieferungen-der-familie-rouvinez\/"},"modified":"2022-06-09T15:20:56","modified_gmt":"2022-06-09T13:20:56","slug":"anekdoten-die-lieferungen-der-familie-rouvinez","status":"publish","type":"page","link":"https:\/\/rouvinez.com\/de\/unsere-anekdoten\/anekdoten-die-lieferungen-der-familie-rouvinez\/","title":{"rendered":"ANEKDOTEN &#8211; DIE LIEFERUNGEN DER FAMILIE ROUVINEZ"},"content":{"rendered":"<p>[et_pb_section fb_built=&#8220;1&#8243; fullwidth=&#8220;on&#8220; _builder_version=&#8220;4.16&#8243; _module_preset=&#8220;default&#8220; vertical_offset_tablet=&#8220;&#8220; vertical_offset_phone=&#8220;0px&#8220; vertical_offset_last_edited=&#8220;on|phone&#8220; position_origin_a_tablet=&#8220;&#8220; position_origin_a_phone=&#8220;&#8220; position_origin_a_last_edited=&#8220;on|desktop&#8220; position_origin_f_tablet=&#8220;&#8220; position_origin_f_phone=&#8220;&#8220; position_origin_f_last_edited=&#8220;on|desktop&#8220; position_origin_r_tablet=&#8220;&#8220; position_origin_r_phone=&#8220;&#8220; position_origin_r_last_edited=&#8220;on|tablet&#8220; custom_padding=&#8220;||||true|false&#8220; positioning_tablet=&#8220;&#8220; positioning_phone=&#8220;&#8220; positioning_last_edited=&#8220;on|tablet&#8220; global_colors_info=&#8220;{}&#8220;][et_pb_fullwidth_slider show_pagination=&#8220;off&#8220; _builder_version=&#8220;4.16&#8243; _module_preset=&#8220;default&#8220; background_enable_color=&#8220;off&#8220; height=&#8220;100vh&#8220; height_tablet=&#8220;650px&#8220; height_phone=&#8220;320px&#8220; height_last_edited=&#8220;on|phone&#8220; custom_padding=&#8220;20vw||20vw||true|false&#8220; custom_padding_tablet=&#8220;40vw||40vw||true|false&#8220; custom_padding_phone=&#8220;&#8220; custom_padding_last_edited=&#8220;on|phone&#8220; auto=&#8220;on&#8220; global_colors_info=&#8220;{}&#8220; header_2_line_height_last_edited=&#8220;on|phone&#8220;][et_pb_slide _builder_version=&#8220;4.16&#8243; _module_preset=&#8220;default&#8220; header_font=&#8220;helveticaNeueBold|||on|||||&#8220; header_text_align=&#8220;center&#8220; header_font_size=&#8220;50px&#8220; header_letter_spacing=&#8220;20px&#8220; header_line_height=&#8220;1.2em&#8220; background_color=&#8220;rgba(0,0,0,0.38)&#8220; background_enable_color=&#8220;on&#8220; background_image=&#8220;https:\/\/rouvinez.com\/wp-content\/uploads\/2022\/06\/anecdote-livraison.jpg&#8220; background_enable_image=&#8220;on&#8220; background_blend=&#8220;overlay&#8220; header_font_size_tablet=&#8220;40px&#8220; header_font_size_phone=&#8220;32px&#8220; header_letter_spacing_tablet=&#8220;15px&#8220; header_letter_spacing_phone=&#8220;11px&#8220; header_letter_spacing_last_edited=&#8220;on|desktop&#8220; global_colors_info=&#8220;{}&#8220; sticky_transition=&#8220;on&#8220;][\/et_pb_slide][\/et_pb_fullwidth_slider][\/et_pb_section][et_pb_section fb_built=&#8220;1&#8243; module_id=&#8220;neznoir&#8220; _builder_version=&#8220;4.16&#8243; _module_preset=&#8220;default&#8220; custom_padding=&#8220;0px||0px||false|false&#8220; global_colors_info=&#8220;{}&#8220;][et_pb_row _builder_version=&#8220;4.16&#8243; _module_preset=&#8220;default&#8220; position_origin_a=&#8220;top_center&#8220; custom_margin=&#8220;||||false|false&#8220; custom_margin_tablet=&#8220;&#8220; custom_margin_phone=&#8220;&#8220; custom_margin_last_edited=&#8220;on|desktop&#8220; custom_padding=&#8220;0px||0px||false|false&#8220; global_colors_info=&#8220;{}&#8220;][et_pb_column type=&#8220;4_4&#8243; _builder_version=&#8220;4.16&#8243; _module_preset=&#8220;default&#8220; global_colors_info=&#8220;{}&#8220;][et_pb_text admin_label=&#8220;Texte&#8220; module_id=&#8220;titreH2&#8243; _builder_version=&#8220;4.17.4&#8243; _module_preset=&#8220;default&#8220; text_font=&#8220;||||||||&#8220; text_text_color=&#8220;#FFFFFF&#8220; header_3_font=&#8220;arialBold||||||||&#8220; header_3_text_align=&#8220;center&#8220; header_3_text_color=&#8220;#FFFFFF&#8220; header_3_font_size=&#8220;30px&#8220; header_3_letter_spacing=&#8220;4px&#8220; header_3_line_height=&#8220;1.1em&#8220; background_enable_color=&#8220;off&#8220; positioning=&#8220;absolute&#8220; position_origin_a=&#8220;top_center&#8220; vertical_offset=&#8220;-24vw&#8220; vertical_offset_tablet=&#8220;-70vw&#8220; vertical_offset_phone=&#8220;-46vw&#8220; vertical_offset_last_edited=&#8220;on|phone&#8220; position_origin_a_tablet=&#8220;&#8220; position_origin_a_phone=&#8220;&#8220; position_origin_a_last_edited=&#8220;on|phone&#8220; position_origin_f_tablet=&#8220;&#8220; position_origin_f_phone=&#8220;&#8220; position_origin_f_last_edited=&#8220;on|tablet&#8220; position_origin_r_tablet=&#8220;&#8220; position_origin_r_phone=&#8220;&#8220; position_origin_r_last_edited=&#8220;on|tablet&#8220; text_orientation=&#8220;center&#8220; width=&#8220;100%&#8220; custom_margin=&#8220;||1px||false|false&#8220; custom_padding=&#8220;5px||5px||true|false&#8220; animation_style=&#8220;slide&#8220; animation_direction=&#8220;top&#8220; animation_duration=&#8220;500ms&#8220; hover_enabled=&#8220;0&#8243; header_2_font_size_phone=&#8220;32px&#8220; header_2_line_height_tablet=&#8220;&#8220; header_2_line_height_phone=&#8220;&#8220; header_2_line_height_last_edited=&#8220;on|phone&#8220; header_3_font_size_tablet=&#8220;20px&#8220; header_3_font_size_phone=&#8220;16px&#8220; header_3_font_size_last_edited=&#8220;on|phone&#8220; header_3_letter_spacing_tablet=&#8220;3px&#8220; header_3_letter_spacing_phone=&#8220;1px&#8220; header_3_letter_spacing_last_edited=&#8220;on|desktop&#8220; positioning_tablet=&#8220;&#8220; positioning_phone=&#8220;&#8220; positioning_last_edited=&#8220;on|tablet&#8220; inline_fonts=&#8220;Times New Roman&#8220; global_colors_info=&#8220;{}&#8220; sticky_enabled=&#8220;0&#8243;]<\/p>\n<h2>ANEKDOTEN AUS 75 JAHREN DOMAINES ROUVINEZ<\/h2>\n<p>[\/et_pb_text][et_pb_image src=&#8220;https:\/\/rouvinez.com\/wp-content\/uploads\/2021\/08\/arrowDown.png&#8220; title_text=&#8220;arrowDown&#8220; url=&#8220;#neznoir&#8220; align=&#8220;center&#8220; disabled_on=&#8220;on|on|off&#8220; admin_label=&#8220;fl\u00e8che desktop&#8220; module_id=&#8220;arrowdown&#8220; _builder_version=&#8220;4.16&#8243; _module_preset=&#8220;default&#8220; positioning=&#8220;absolute&#8220; vertical_offset=&#8220;-6vw&#8220; width=&#8220;100%&#8220; global_colors_info=&#8220;{}&#8220;][\/et_pb_image][\/et_pb_column][\/et_pb_row][\/et_pb_section][et_pb_section fb_built=&#8220;1&#8243; custom_padding_last_edited=&#8220;on|phone&#8220; disabled_on=&#8220;off|off|off&#8220; module_id=&#8220;neznoir&#8220; _builder_version=&#8220;4.16&#8243; _module_preset=&#8220;default&#8220; vertical_offset_tablet=&#8220;&#8220; vertical_offset_phone=&#8220;0px&#8220; vertical_offset_last_edited=&#8220;on|phone&#8220; position_origin_a_tablet=&#8220;&#8220; position_origin_a_phone=&#8220;&#8220; position_origin_a_last_edited=&#8220;on|desktop&#8220; position_origin_f_tablet=&#8220;&#8220; position_origin_f_phone=&#8220;&#8220; position_origin_f_last_edited=&#8220;on|desktop&#8220; position_origin_r_tablet=&#8220;&#8220; position_origin_r_phone=&#8220;&#8220; position_origin_r_last_edited=&#8220;on|desktop&#8220; custom_margin_tablet=&#8220;||||false|false&#8220; custom_margin_phone=&#8220;||0px||false|false&#8220; custom_margin_last_edited=&#8220;on|tablet&#8220; custom_padding=&#8220;0px||||false|false&#8220; custom_padding_tablet=&#8220;||0px||false|false&#8220; custom_padding_phone=&#8220;||0px||false|false&#8220; positioning_tablet=&#8220;&#8220; positioning_phone=&#8220;&#8220; positioning_last_edited=&#8220;on|desktop&#8220; global_colors_info=&#8220;{}&#8220;][et_pb_row use_custom_gutter=&#8220;on&#8220; custom_padding_last_edited=&#8220;on|phone&#8220; _builder_version=&#8220;4.16&#8243; _module_preset=&#8220;default&#8220; background_enable_image=&#8220;off&#8220; background_size=&#8220;initial&#8220; background_position=&#8220;top_left&#8220; width_tablet=&#8220;&#8220; width_phone=&#8220;100%&#8220; width_last_edited=&#8220;on|phone&#8220; custom_margin=&#8220;6px|auto||auto||&#8220; custom_padding=&#8220;||0px||false|false&#8220; custom_padding_tablet=&#8220;&#8220; custom_padding_phone=&#8220;|30px||30px|false|false&#8220; global_colors_info=&#8220;{}&#8220;][et_pb_column type=&#8220;4_4&#8243; _builder_version=&#8220;4.16&#8243; _module_preset=&#8220;default&#8220; background_image=&#8220;https:\/\/rouvinez.com\/wp-content\/uploads\/2021\/10\/DR_arriereplan-texteV4.jpg&#8220; global_colors_info=&#8220;{}&#8220;][et_pb_text _builder_version=&#8220;4.17.4&#8243; _module_preset=&#8220;default&#8220; text_letter_spacing=&#8220;6px&#8220; header_2_font=&#8220;HelveticaNeue|||on|||||&#8220; header_3_text_color=&#8220;#4f4f4f&#8220; header_3_letter_spacing=&#8220;7px&#8220; header_3_line_height=&#8220;1.4em&#8220; background_color=&#8220;#ffffff&#8220; background_enable_image=&#8220;off&#8220; custom_margin=&#8220;||-10px||false|false&#8220; custom_margin_tablet=&#8220;&#8220; custom_margin_phone=&#8220;||||false|false&#8220; custom_margin_last_edited=&#8220;on|phone&#8220; mix_blend_mode=&#8220;screen&#8220; hover_enabled=&#8220;0&#8243; header_3_font_size_tablet=&#8220;42px&#8220; header_3_font_size_phone=&#8220;36px&#8220; header_3_font_size_last_edited=&#8220;on|phone&#8220; inline_fonts=&#8220;Times New Roman,aurorac,timesNewRoman&#8220; global_colors_info=&#8220;{}&#8220; sticky_enabled=&#8220;0&#8243;]<\/p>\n<h3>DIE LIEFERUNGEN DER FAMILIE ROUVINEZ<\/h3>\n<p>[\/et_pb_text][\/et_pb_column][\/et_pb_row][et_pb_row use_custom_gutter=&#8220;on&#8220; custom_padding_last_edited=&#8220;on|phone&#8220; _builder_version=&#8220;4.16&#8243; _module_preset=&#8220;default&#8220; background_enable_image=&#8220;off&#8220; background_size=&#8220;initial&#8220; background_position=&#8220;top_left&#8220; width_tablet=&#8220;&#8220; width_phone=&#8220;100%&#8220; width_last_edited=&#8220;on|phone&#8220; custom_margin=&#8220;6px|auto||auto||&#8220; custom_padding=&#8220;||0px||false|false&#8220; custom_padding_tablet=&#8220;&#8220; custom_padding_phone=&#8220;|30px||30px|false|false&#8220; global_colors_info=&#8220;{}&#8220;][et_pb_column type=&#8220;4_4&#8243; _builder_version=&#8220;4.16&#8243; _module_preset=&#8220;default&#8220; global_colors_info=&#8220;{}&#8220;][et_pb_text module_class=&#8220;puce&#8220; _builder_version=&#8220;4.17.4&#8243; _module_preset=&#8220;default&#8220; header_2_font=&#8220;HelveticaNeue|||on|||||&#8220; header_3_font=&#8220;helveticaNeue|900|||||||&#8220; header_3_text_color=&#8220;rgba(33,33,33,0.64)&#8220; header_3_letter_spacing=&#8220;7px&#8220; header_3_line_height=&#8220;1.4em&#8220; background_enable_color=&#8220;off&#8220; custom_margin=&#8220;||20px|2.3%|false|false&#8220; custom_margin_phone=&#8220;||||false|false&#8220; custom_margin_last_edited=&#8220;off|desktop&#8220; custom_padding_tablet=&#8220;&#8220; custom_padding_phone=&#8220;|||13%|false|false&#8220; custom_padding_last_edited=&#8220;on|desktop&#8220; mix_blend_mode=&#8220;screen&#8220; header_3_font_size_tablet=&#8220;42px&#8220; header_3_font_size_phone=&#8220;36px&#8220; header_3_font_size_last_edited=&#8220;on|phone&#8220; global_colors_info=&#8220;{}&#8220;]<\/p>\n<ul>\n<li>Fr\u00fcher war es Bernard Rouvinez, der Gr\u00fcnder unseres Hauses selbst, der sich um das Ausliefern des Weines k\u00fcmmerte. Wenn er zu seinen Touren aufbrach, war sein Lieferwagen bis zum Dach mit Weinflaschen gef\u00fcllt und \u00fcberschritt das zul\u00e4ssige Gewicht erheblich. Um vier Uhr morgens fuhr er los, damit er fr\u00fch genug in Freiburg ankam und dort die ersten Kunden beliefern konnte. Der Lieferwagen war dann leichter und Bernard konnte ohne Bedenken nach Z\u00fcrich oder Basel weiterfahren, ohne zu bef\u00fcrchten, von einer Polizeipatrouille der pingeligeren Deutschschweizer Sorte angehalten zu werden.<\/li>\n<li>Als Kinder begleiteten V\u00e9ronique, Philippe und Fr\u00e9d\u00e9ric ihren Grossvater auf seinen Fahrten ins Val d\u2019Anniviers. Die Pausen in den Bistros waren h\u00e4ufig. Die Kinder schl\u00fcrften dann Sirup, w\u00e4hrend sich Bernard mit den Kunden unterhielt und ein Glas mit ihnen trank. Gl\u00fccklicherweise war in jener Zeit die Regel der 0,8 Promille nicht viel mehr als eine vage Idee.<\/li>\n<li>V\u00e9ronique erinnert sich an einen Wintertag, als sie kurzfristig f\u00fcr einen Chauffeur einsprang, der sich krankgemeldet hatte. Sie war eine junge Kellermeisterin und \u00fcbernahm die Lieferfahrt, die der Fahrer nicht vollenden konnte. Die beiden ersten Wirte halfen ihr beherzt beim Ausladen der bestellten Waren. Doch der dritte war weit weniger kooperativ. \u00abWas? Eine Tusse!\u00bb, entsetzte er sich und nichts brachte ihn von seiner Macho-Pose ab. V\u00e9ronique biss die Z\u00e4hne zusammen und brachte die Kisten in den Keller, stellte sie an ihren Platz, nahm das Leergut mit und schwor sich, dass sie nie wieder einen Fuss in dieses Etablissement setzen w\u00fcrde!<\/li>\n<\/ul>\n<p>[\/et_pb_text][\/et_pb_column][\/et_pb_row][\/et_pb_section]<\/p>\n","protected":false},"excerpt":{"rendered":"<p>ANEKDOTEN AUS 75 JAHREN DOMAINES ROUVINEZDIE LIEFERUNGEN DER FAMILIE ROUVINEZ Fr\u00fcher war es Bernard Rouvinez, der Gr\u00fcnder unseres Hauses selbst, der sich um das Ausliefern des Weines k\u00fcmmerte. Wenn er zu seinen Touren aufbrach, war sein Lieferwagen bis zum Dach mit Weinflaschen gef\u00fcllt und \u00fcberschritt das zul\u00e4ssige Gewicht erheblich. Um vier Uhr morgens fuhr er [&hellip;]<\/p>\n","protected":false},"author":3,"featured_media":0,"parent":4432,"menu_order":0,"comment_status":"closed","ping_status":"closed","template":"","meta":{"_et_pb_use_builder":"on","_et_pb_old_content":"","_et_gb_content_width":"","inline_featured_image":false,"_monsterinsights_skip_tracking":false,"_monsterinsights_sitenote_active":false,"_monsterinsights_sitenote_note":"","_monsterinsights_sitenote_category":0,"footnotes":""},"class_list":["post-4620","page","type-page","status-publish","hentry"],"yoast_head":"<!-- This site is optimized with the Yoast SEO plugin v27.3 - https:\/\/yoast.com\/product\/yoast-seo-wordpress\/ -->\n<title>ANEKDOTEN - DIE LIEFERUNGEN DER FAMILIE ROUVINEZ - Domaines Rouvinez<\/title>\n<meta name=\"description\" content=\"Fr\u00fcher war es Bernard Rouvinez, der Gr\u00fcnder unseres Hauses selbst, der sich um das Ausliefern des Weines k\u00fcmmerte.\" \/>\n<meta name=\"robots\" content=\"index, follow, max-snippet:-1, max-image-preview:large, max-video-preview:-1\" \/>\n<link rel=\"canonical\" href=\"https:\/\/rouvinez.com\/de\/unsere-anekdoten\/anekdoten-die-lieferungen-der-familie-rouvinez\/\" \/>\n<meta property=\"og:locale\" content=\"de_DE\" \/>\n<meta property=\"og:type\" content=\"article\" \/>\n<meta property=\"og:title\" content=\"ANEKDOTEN - DIE LIEFERUNGEN DER FAMILIE ROUVINEZ - Domaines Rouvinez\" \/>\n<meta property=\"og:description\" content=\"Fr\u00fcher war es Bernard Rouvinez, der Gr\u00fcnder unseres Hauses selbst, der sich um das Ausliefern des Weines k\u00fcmmerte.\" \/>\n<meta property=\"og:url\" content=\"https:\/\/rouvinez.com\/de\/unsere-anekdoten\/anekdoten-die-lieferungen-der-familie-rouvinez\/\" \/>\n<meta property=\"og:site_name\" content=\"Domaines Rouvinez\" \/>\n<meta property=\"article:publisher\" content=\"https:\/\/www.facebook.com\/LaFamilleRouvinez\" \/>\n<meta property=\"article:modified_time\" content=\"2022-06-09T13:20:56+00:00\" \/>\n<meta name=\"twitter:card\" content=\"summary_large_image\" \/>\n<meta name=\"twitter:label1\" content=\"Gesch\u00e4tzte Lesezeit\" \/>\n\t<meta name=\"twitter:data1\" content=\"7\u00a0Minuten\" \/>\n<script type=\"application\/ld+json\" class=\"yoast-schema-graph\">{\"@context\":\"https:\\\/\\\/schema.org\",\"@graph\":[{\"@type\":\"WebPage\",\"@id\":\"https:\\\/\\\/rouvinez.com\\\/de\\\/unsere-anekdoten\\\/anekdoten-die-lieferungen-der-familie-rouvinez\\\/\",\"url\":\"https:\\\/\\\/rouvinez.com\\\/de\\\/unsere-anekdoten\\\/anekdoten-die-lieferungen-der-familie-rouvinez\\\/\",\"name\":\"ANEKDOTEN - DIE LIEFERUNGEN DER FAMILIE ROUVINEZ - Domaines Rouvinez\",\"isPartOf\":{\"@id\":\"https:\\\/\\\/rouvinez.com\\\/de\\\/#website\"},\"datePublished\":\"2022-06-09T08:54:04+00:00\",\"dateModified\":\"2022-06-09T13:20:56+00:00\",\"description\":\"Fr\u00fcher war es Bernard Rouvinez, der Gr\u00fcnder unseres Hauses selbst, der sich um das Ausliefern des Weines k\u00fcmmerte.\",\"breadcrumb\":{\"@id\":\"https:\\\/\\\/rouvinez.com\\\/de\\\/unsere-anekdoten\\\/anekdoten-die-lieferungen-der-familie-rouvinez\\\/#breadcrumb\"},\"inLanguage\":\"de\",\"potentialAction\":[{\"@type\":\"ReadAction\",\"target\":[\"https:\\\/\\\/rouvinez.com\\\/de\\\/unsere-anekdoten\\\/anekdoten-die-lieferungen-der-familie-rouvinez\\\/\"]}]},{\"@type\":\"BreadcrumbList\",\"@id\":\"https:\\\/\\\/rouvinez.com\\\/de\\\/unsere-anekdoten\\\/anekdoten-die-lieferungen-der-familie-rouvinez\\\/#breadcrumb\",\"itemListElement\":[{\"@type\":\"ListItem\",\"position\":1,\"name\":\"Accueil\",\"item\":\"https:\\\/\\\/rouvinez.com\\\/de\\\/geschichte\\\/\"},{\"@type\":\"ListItem\",\"position\":2,\"name\":\"Unsere Anekdoten\",\"item\":\"https:\\\/\\\/rouvinez.com\\\/de\\\/nos-anecdotes\\\/\"},{\"@type\":\"ListItem\",\"position\":3,\"name\":\"ANEKDOTEN &#8211; DIE LIEFERUNGEN DER FAMILIE ROUVINEZ\"}]},{\"@type\":\"WebSite\",\"@id\":\"https:\\\/\\\/rouvinez.com\\\/de\\\/#website\",\"url\":\"https:\\\/\\\/rouvinez.com\\\/de\\\/\",\"name\":\"Domaines Rouvinez\",\"description\":\"Go\u00fbt de l&#039;innovation et passion de l&#039;excellence\",\"publisher\":{\"@id\":\"https:\\\/\\\/rouvinez.com\\\/de\\\/#organization\"},\"potentialAction\":[{\"@type\":\"SearchAction\",\"target\":{\"@type\":\"EntryPoint\",\"urlTemplate\":\"https:\\\/\\\/rouvinez.com\\\/de\\\/?s={search_term_string}\"},\"query-input\":{\"@type\":\"PropertyValueSpecification\",\"valueRequired\":true,\"valueName\":\"search_term_string\"}}],\"inLanguage\":\"de\"},{\"@type\":\"Organization\",\"@id\":\"https:\\\/\\\/rouvinez.com\\\/de\\\/#organization\",\"name\":\"Domaines Rouvinez\",\"url\":\"https:\\\/\\\/rouvinez.com\\\/de\\\/\",\"logo\":{\"@type\":\"ImageObject\",\"inLanguage\":\"de\",\"@id\":\"https:\\\/\\\/rouvinez.com\\\/de\\\/#\\\/schema\\\/logo\\\/image\\\/\",\"url\":\"https:\\\/\\\/rouvinez.com\\\/wp-content\\\/uploads\\\/2021\\\/09\\\/20Fichier-11x-e1683538171203.png\",\"contentUrl\":\"https:\\\/\\\/rouvinez.com\\\/wp-content\\\/uploads\\\/2021\\\/09\\\/20Fichier-11x-e1683538171203.png\",\"width\":300,\"height\":171,\"caption\":\"Domaines Rouvinez\"},\"image\":{\"@id\":\"https:\\\/\\\/rouvinez.com\\\/de\\\/#\\\/schema\\\/logo\\\/image\\\/\"},\"sameAs\":[\"https:\\\/\\\/www.facebook.com\\\/LaFamilleRouvinez\",\"https:\\\/\\\/www.instagram.com\\\/famille.rouvinez\\\/\"]}]}<\/script>\n<!-- \/ Yoast SEO plugin. -->","yoast_head_json":{"title":"ANEKDOTEN - DIE LIEFERUNGEN DER FAMILIE ROUVINEZ - Domaines Rouvinez","description":"Fr\u00fcher war es Bernard Rouvinez, der Gr\u00fcnder unseres Hauses selbst, der sich um das Ausliefern des Weines k\u00fcmmerte.","robots":{"index":"index","follow":"follow","max-snippet":"max-snippet:-1","max-image-preview":"max-image-preview:large","max-video-preview":"max-video-preview:-1"},"canonical":"https:\/\/rouvinez.com\/de\/unsere-anekdoten\/anekdoten-die-lieferungen-der-familie-rouvinez\/","og_locale":"de_DE","og_type":"article","og_title":"ANEKDOTEN - DIE LIEFERUNGEN DER FAMILIE ROUVINEZ - Domaines Rouvinez","og_description":"Fr\u00fcher war es Bernard Rouvinez, der Gr\u00fcnder unseres Hauses selbst, der sich um das Ausliefern des Weines k\u00fcmmerte.","og_url":"https:\/\/rouvinez.com\/de\/unsere-anekdoten\/anekdoten-die-lieferungen-der-familie-rouvinez\/","og_site_name":"Domaines Rouvinez","article_publisher":"https:\/\/www.facebook.com\/LaFamilleRouvinez","article_modified_time":"2022-06-09T13:20:56+00:00","twitter_card":"summary_large_image","twitter_misc":{"Gesch\u00e4tzte Lesezeit":"7\u00a0Minuten"},"schema":{"@context":"https:\/\/schema.org","@graph":[{"@type":"WebPage","@id":"https:\/\/rouvinez.com\/de\/unsere-anekdoten\/anekdoten-die-lieferungen-der-familie-rouvinez\/","url":"https:\/\/rouvinez.com\/de\/unsere-anekdoten\/anekdoten-die-lieferungen-der-familie-rouvinez\/","name":"ANEKDOTEN - DIE LIEFERUNGEN DER FAMILIE ROUVINEZ - Domaines Rouvinez","isPartOf":{"@id":"https:\/\/rouvinez.com\/de\/#website"},"datePublished":"2022-06-09T08:54:04+00:00","dateModified":"2022-06-09T13:20:56+00:00","description":"Fr\u00fcher war es Bernard Rouvinez, der Gr\u00fcnder unseres Hauses selbst, der sich um das Ausliefern des Weines k\u00fcmmerte.","breadcrumb":{"@id":"https:\/\/rouvinez.com\/de\/unsere-anekdoten\/anekdoten-die-lieferungen-der-familie-rouvinez\/#breadcrumb"},"inLanguage":"de","potentialAction":[{"@type":"ReadAction","target":["https:\/\/rouvinez.com\/de\/unsere-anekdoten\/anekdoten-die-lieferungen-der-familie-rouvinez\/"]}]},{"@type":"BreadcrumbList","@id":"https:\/\/rouvinez.com\/de\/unsere-anekdoten\/anekdoten-die-lieferungen-der-familie-rouvinez\/#breadcrumb","itemListElement":[{"@type":"ListItem","position":1,"name":"Accueil","item":"https:\/\/rouvinez.com\/de\/geschichte\/"},{"@type":"ListItem","position":2,"name":"Unsere Anekdoten","item":"https:\/\/rouvinez.com\/de\/nos-anecdotes\/"},{"@type":"ListItem","position":3,"name":"ANEKDOTEN &#8211; DIE LIEFERUNGEN DER FAMILIE ROUVINEZ"}]},{"@type":"WebSite","@id":"https:\/\/rouvinez.com\/de\/#website","url":"https:\/\/rouvinez.com\/de\/","name":"Domaines Rouvinez","description":"Go\u00fbt de l&#039;innovation et passion de l&#039;excellence","publisher":{"@id":"https:\/\/rouvinez.com\/de\/#organization"},"potentialAction":[{"@type":"SearchAction","target":{"@type":"EntryPoint","urlTemplate":"https:\/\/rouvinez.com\/de\/?s={search_term_string}"},"query-input":{"@type":"PropertyValueSpecification","valueRequired":true,"valueName":"search_term_string"}}],"inLanguage":"de"},{"@type":"Organization","@id":"https:\/\/rouvinez.com\/de\/#organization","name":"Domaines Rouvinez","url":"https:\/\/rouvinez.com\/de\/","logo":{"@type":"ImageObject","inLanguage":"de","@id":"https:\/\/rouvinez.com\/de\/#\/schema\/logo\/image\/","url":"https:\/\/rouvinez.com\/wp-content\/uploads\/2021\/09\/20Fichier-11x-e1683538171203.png","contentUrl":"https:\/\/rouvinez.com\/wp-content\/uploads\/2021\/09\/20Fichier-11x-e1683538171203.png","width":300,"height":171,"caption":"Domaines Rouvinez"},"image":{"@id":"https:\/\/rouvinez.com\/de\/#\/schema\/logo\/image\/"},"sameAs":["https:\/\/www.facebook.com\/LaFamilleRouvinez","https:\/\/www.instagram.com\/famille.rouvinez\/"]}]}},"_links":{"self":[{"href":"https:\/\/rouvinez.com\/de\/wp-json\/wp\/v2\/pages\/4620","targetHints":{"allow":["GET"]}}],"collection":[{"href":"https:\/\/rouvinez.com\/de\/wp-json\/wp\/v2\/pages"}],"about":[{"href":"https:\/\/rouvinez.com\/de\/wp-json\/wp\/v2\/types\/page"}],"author":[{"embeddable":true,"href":"https:\/\/rouvinez.com\/de\/wp-json\/wp\/v2\/users\/3"}],"replies":[{"embeddable":true,"href":"https:\/\/rouvinez.com\/de\/wp-json\/wp\/v2\/comments?post=4620"}],"version-history":[{"count":5,"href":"https:\/\/rouvinez.com\/de\/wp-json\/wp\/v2\/pages\/4620\/revisions"}],"predecessor-version":[{"id":4725,"href":"https:\/\/rouvinez.com\/de\/wp-json\/wp\/v2\/pages\/4620\/revisions\/4725"}],"up":[{"embeddable":true,"href":"https:\/\/rouvinez.com\/de\/wp-json\/wp\/v2\/pages\/4432"}],"wp:attachment":[{"href":"https:\/\/rouvinez.com\/de\/wp-json\/wp\/v2\/media?parent=4620"}],"curies":[{"name":"wp","href":"https:\/\/api.w.org\/{rel}","templated":true}]}}