{"id":3353,"date":"2022-01-27T16:49:57","date_gmt":"2022-01-27T15:49:57","guid":{"rendered":"https:\/\/rouvinez.com\/anekdoten-hermine-rouvinez\/"},"modified":"2022-06-23T15:50:07","modified_gmt":"2022-06-23T13:50:07","slug":"anekdoten-hermine-rouvinez","status":"publish","type":"page","link":"https:\/\/rouvinez.com\/de\/unsere-anekdoten\/anekdoten-hermine-rouvinez\/","title":{"rendered":"Anekdoten &#8211; Hermine Rouvinez"},"content":{"rendered":"<p>[et_pb_section fb_built=&#8220;1&#8243; fullwidth=&#8220;on&#8220; _builder_version=&#8220;4.16&#8243; _module_preset=&#8220;default&#8220; vertical_offset_tablet=&#8220;&#8220; vertical_offset_phone=&#8220;0px&#8220; vertical_offset_last_edited=&#8220;on|phone&#8220; position_origin_a_tablet=&#8220;&#8220; position_origin_a_phone=&#8220;&#8220; position_origin_a_last_edited=&#8220;on|desktop&#8220; position_origin_f_tablet=&#8220;&#8220; position_origin_f_phone=&#8220;&#8220; position_origin_f_last_edited=&#8220;on|desktop&#8220; position_origin_r_tablet=&#8220;&#8220; position_origin_r_phone=&#8220;&#8220; position_origin_r_last_edited=&#8220;on|tablet&#8220; custom_padding=&#8220;||||true|false&#8220; positioning_tablet=&#8220;&#8220; positioning_phone=&#8220;&#8220; positioning_last_edited=&#8220;on|tablet&#8220; global_colors_info=&#8220;{}&#8220;][et_pb_fullwidth_slider show_pagination=&#8220;off&#8220; _builder_version=&#8220;4.16&#8243; _module_preset=&#8220;default&#8220; background_enable_color=&#8220;off&#8220; min_height=&#8220;100vh&#8220; min_height_tablet=&#8220;650px&#8220; min_height_phone=&#8220;320px&#8220; min_height_last_edited=&#8220;on|phone&#8220; custom_padding=&#8220;20vw||20vw||true|false&#8220; custom_padding_tablet=&#8220;40vw||40vw||true|false&#8220; custom_padding_phone=&#8220;&#8220; custom_padding_last_edited=&#8220;on|phone&#8220; auto=&#8220;on&#8220; global_colors_info=&#8220;{}&#8220; header_2_line_height_last_edited=&#8220;on|phone&#8220;][et_pb_slide _builder_version=&#8220;4.16&#8243; _module_preset=&#8220;default&#8220; header_font=&#8220;helveticaNeueBold|||on|||||&#8220; header_text_align=&#8220;center&#8220; header_font_size=&#8220;50px&#8220; header_letter_spacing=&#8220;20px&#8220; header_line_height=&#8220;1.2em&#8220; background_color=&#8220;rgba(0,0,0,0.38)&#8220; background_enable_color=&#8220;on&#8220; background_image=&#8220;https:\/\/rouvinez.com\/wp-content\/uploads\/2022\/01\/hermine-foudre-1.jpg&#8220; background_enable_image=&#8220;on&#8220; background_blend=&#8220;overlay&#8220; header_font_size_tablet=&#8220;40px&#8220; header_font_size_phone=&#8220;32px&#8220; header_letter_spacing_tablet=&#8220;15px&#8220; header_letter_spacing_phone=&#8220;11px&#8220; header_letter_spacing_last_edited=&#8220;on|desktop&#8220; global_colors_info=&#8220;{}&#8220; sticky_transition=&#8220;on&#8220;][\/et_pb_slide][\/et_pb_fullwidth_slider][\/et_pb_section][et_pb_section fb_built=&#8220;1&#8243; module_id=&#8220;neznoir&#8220; _builder_version=&#8220;4.16&#8243; _module_preset=&#8220;default&#8220; custom_padding=&#8220;0px||0px||false|false&#8220; global_colors_info=&#8220;{}&#8220;][et_pb_row _builder_version=&#8220;4.16&#8243; _module_preset=&#8220;default&#8220; position_origin_a=&#8220;top_center&#8220; custom_margin=&#8220;||||false|false&#8220; custom_margin_tablet=&#8220;&#8220; custom_margin_phone=&#8220;&#8220; custom_margin_last_edited=&#8220;on|desktop&#8220; custom_padding=&#8220;0px||0px||false|false&#8220; global_colors_info=&#8220;{}&#8220;][et_pb_column type=&#8220;4_4&#8243; _builder_version=&#8220;4.16&#8243; _module_preset=&#8220;default&#8220; global_colors_info=&#8220;{}&#8220;][et_pb_text admin_label=&#8220;Texte&#8220; module_id=&#8220;titreH2&#8243; _builder_version=&#8220;4.17.4&#8243; _module_preset=&#8220;default&#8220; text_font=&#8220;||||||||&#8220; text_text_color=&#8220;#FFFFFF&#8220; header_3_font=&#8220;arialBold||||||||&#8220; header_3_text_align=&#8220;center&#8220; header_3_text_color=&#8220;#FFFFFF&#8220; header_3_font_size=&#8220;30px&#8220; header_3_letter_spacing=&#8220;4px&#8220; header_3_line_height=&#8220;1.1em&#8220; background_enable_color=&#8220;off&#8220; positioning=&#8220;absolute&#8220; position_origin_a=&#8220;top_center&#8220; vertical_offset=&#8220;-24vw&#8220; vertical_offset_tablet=&#8220;-70vw&#8220; vertical_offset_phone=&#8220;-46vw&#8220; vertical_offset_last_edited=&#8220;on|phone&#8220; position_origin_a_tablet=&#8220;&#8220; position_origin_a_phone=&#8220;&#8220; position_origin_a_last_edited=&#8220;on|phone&#8220; position_origin_f_tablet=&#8220;&#8220; position_origin_f_phone=&#8220;&#8220; position_origin_f_last_edited=&#8220;on|tablet&#8220; position_origin_r_tablet=&#8220;&#8220; position_origin_r_phone=&#8220;&#8220; position_origin_r_last_edited=&#8220;on|tablet&#8220; text_orientation=&#8220;center&#8220; width=&#8220;100%&#8220; custom_margin=&#8220;||1px||false|false&#8220; custom_padding=&#8220;5px||5px||true|false&#8220; animation_style=&#8220;slide&#8220; animation_direction=&#8220;top&#8220; animation_duration=&#8220;500ms&#8220; hover_enabled=&#8220;0&#8243; header_2_font_size_phone=&#8220;32px&#8220; header_2_line_height_tablet=&#8220;&#8220; header_2_line_height_phone=&#8220;&#8220; header_2_line_height_last_edited=&#8220;on|phone&#8220; header_3_font_size_tablet=&#8220;20px&#8220; header_3_font_size_phone=&#8220;16px&#8220; header_3_font_size_last_edited=&#8220;on|phone&#8220; header_3_letter_spacing_tablet=&#8220;3px&#8220; header_3_letter_spacing_phone=&#8220;1px&#8220; header_3_letter_spacing_last_edited=&#8220;on|desktop&#8220; positioning_tablet=&#8220;&#8220; positioning_phone=&#8220;&#8220; positioning_last_edited=&#8220;on|tablet&#8220; inline_fonts=&#8220;Times New Roman&#8220; global_colors_info=&#8220;{}&#8220; sticky_enabled=&#8220;0&#8243;]<\/p>\n<h2>Anekdoten<br \/>\n75 Jahren Domaines Rouvinez<\/h2>\n<p>[\/et_pb_text][et_pb_image src=&#8220;https:\/\/rouvinez.com\/wp-content\/uploads\/2021\/08\/arrowDown.png&#8220; title_text=&#8220;arrowDown&#8220; url=&#8220;#neznoir&#8220; align=&#8220;center&#8220; disabled_on=&#8220;on|on|off&#8220; admin_label=&#8220;fl\u00e8che desktop&#8220; module_id=&#8220;arrowdown&#8220; _builder_version=&#8220;4.16&#8243; _module_preset=&#8220;default&#8220; positioning=&#8220;absolute&#8220; vertical_offset=&#8220;-6vw&#8220; width=&#8220;100%&#8220; global_colors_info=&#8220;{}&#8220;][\/et_pb_image][\/et_pb_column][\/et_pb_row][\/et_pb_section][et_pb_section fb_built=&#8220;1&#8243; custom_padding_last_edited=&#8220;on|phone&#8220; disabled_on=&#8220;off|off|off&#8220; module_id=&#8220;neznoir&#8220; _builder_version=&#8220;4.16&#8243; _module_preset=&#8220;default&#8220; vertical_offset_tablet=&#8220;&#8220; vertical_offset_phone=&#8220;0px&#8220; vertical_offset_last_edited=&#8220;on|phone&#8220; position_origin_a_tablet=&#8220;&#8220; position_origin_a_phone=&#8220;&#8220; position_origin_a_last_edited=&#8220;on|desktop&#8220; position_origin_f_tablet=&#8220;&#8220; position_origin_f_phone=&#8220;&#8220; position_origin_f_last_edited=&#8220;on|desktop&#8220; position_origin_r_tablet=&#8220;&#8220; position_origin_r_phone=&#8220;&#8220; position_origin_r_last_edited=&#8220;on|desktop&#8220; custom_margin_tablet=&#8220;||||false|false&#8220; custom_margin_phone=&#8220;||0px||false|false&#8220; custom_margin_last_edited=&#8220;on|tablet&#8220; custom_padding=&#8220;0px||||false|false&#8220; custom_padding_tablet=&#8220;||0px||false|false&#8220; custom_padding_phone=&#8220;||0px||false|false&#8220; positioning_tablet=&#8220;&#8220; positioning_phone=&#8220;&#8220; positioning_last_edited=&#8220;on|desktop&#8220; global_colors_info=&#8220;{}&#8220;][et_pb_row use_custom_gutter=&#8220;on&#8220; custom_padding_last_edited=&#8220;on|phone&#8220; _builder_version=&#8220;4.16&#8243; _module_preset=&#8220;default&#8220; background_enable_image=&#8220;off&#8220; background_size=&#8220;initial&#8220; background_position=&#8220;top_left&#8220; width_tablet=&#8220;&#8220; width_phone=&#8220;100%&#8220; width_last_edited=&#8220;on|phone&#8220; custom_margin=&#8220;6px|auto||auto||&#8220; custom_padding=&#8220;||0px||false|false&#8220; custom_padding_tablet=&#8220;&#8220; custom_padding_phone=&#8220;|30px||30px|false|false&#8220; global_colors_info=&#8220;{}&#8220;][et_pb_column type=&#8220;4_4&#8243; _builder_version=&#8220;4.16&#8243; _module_preset=&#8220;default&#8220; background_image=&#8220;https:\/\/rouvinez.com\/wp-content\/uploads\/2021\/10\/DR_arriereplan-texteV4.jpg&#8220; global_colors_info=&#8220;{}&#8220;][et_pb_text _builder_version=&#8220;4.17.4&#8243; _module_preset=&#8220;default&#8220; text_letter_spacing=&#8220;6px&#8220; header_2_font=&#8220;|||on|||||&#8220; header_3_text_color=&#8220;#4f4f4f&#8220; header_3_letter_spacing=&#8220;7px&#8220; header_3_line_height=&#8220;1.4em&#8220; background_color=&#8220;#ffffff&#8220; background_enable_image=&#8220;off&#8220; custom_margin=&#8220;||-10px||false|false&#8220; custom_margin_tablet=&#8220;&#8220; custom_margin_phone=&#8220;||||false|false&#8220; custom_margin_last_edited=&#8220;on|phone&#8220; mix_blend_mode=&#8220;screen&#8220; header_3_font_size_tablet=&#8220;42px&#8220; header_3_font_size_phone=&#8220;36px&#8220; header_3_font_size_last_edited=&#8220;on|phone&#8220; inline_fonts=&#8220;Times New Roman,aurorac,timesNewRoman&#8220; global_colors_info=&#8220;{}&#8220;]<\/p>\n<h3>Hermine Rouvinez<\/h3>\n<p>[\/et_pb_text][\/et_pb_column][\/et_pb_row][et_pb_row use_custom_gutter=&#8220;on&#8220; custom_padding_last_edited=&#8220;on|phone&#8220; _builder_version=&#8220;4.16&#8243; _module_preset=&#8220;default&#8220; background_enable_image=&#8220;off&#8220; background_size=&#8220;initial&#8220; background_position=&#8220;top_left&#8220; width_tablet=&#8220;&#8220; width_phone=&#8220;100%&#8220; width_last_edited=&#8220;on|phone&#8220; custom_margin=&#8220;6px|auto||auto||&#8220; custom_padding=&#8220;||0px||false|false&#8220; custom_padding_tablet=&#8220;&#8220; custom_padding_phone=&#8220;|30px||30px|false|false&#8220; global_colors_info=&#8220;{}&#8220;][et_pb_column type=&#8220;4_4&#8243; _builder_version=&#8220;4.16&#8243; _module_preset=&#8220;default&#8220; global_colors_info=&#8220;{}&#8220;][et_pb_text module_class=&#8220;puce&#8220; _builder_version=&#8220;4.17.4&#8243; _module_preset=&#8220;default&#8220; header_2_font=&#8220;HelveticaNeue|||on|||||&#8220; header_3_font=&#8220;helveticaNeue|900|||||||&#8220; header_3_text_color=&#8220;rgba(33,33,33,0.64)&#8220; header_3_letter_spacing=&#8220;7px&#8220; header_3_line_height=&#8220;1.4em&#8220; background_enable_color=&#8220;off&#8220; custom_margin=&#8220;||20px|2.3%|false|false&#8220; custom_margin_phone=&#8220;||||false|false&#8220; custom_margin_last_edited=&#8220;off|desktop&#8220; custom_padding_tablet=&#8220;&#8220; custom_padding_phone=&#8220;|||13%|false|false&#8220; custom_padding_last_edited=&#8220;on|desktop&#8220; mix_blend_mode=&#8220;screen&#8220; header_3_font_size_tablet=&#8220;42px&#8220; header_3_font_size_phone=&#8220;36px&#8220; header_3_font_size_last_edited=&#8220;on|phone&#8220; global_colors_info=&#8220;{}&#8220;]<\/p>\n<ul>\n<li>Unsere Mutter und Grossmutter Hermine gr\u00fcndete 1947 zusammen mit ihrem Mann Bernard die Kellerei Domaines Rouvinez. Zu jener Zeit bestand das Weingut vor allem aus der Colline de G\u00e9ronde, wo auch der Weinkeller lag, der heute noch der Ort ist, wo wir unsere G\u00e4ste f\u00fcr eine Degustation empfangen. Hermine stand ihrem Mann in allen Bereichen der Weinproduktion zur Seite. Wenn sie nicht im Weinkeller beim Abf\u00fcllen anzutreffen war, k\u00fcmmerte sie sich draussen um den Schnitt oder das Ausbrechen der Reben. Kam der Sommer, dann zog Hermine die Leitungen f\u00fcr die Sulfatierung der Trauben durch den Rebberg, eine Arbeit, die normalerweise von M\u00e4nnern erledigt wurde. <br \/>\nMit den Jahren liess sie dann die Arbeiten im Weinberg hinter sich und zog es vor, sich um den Verkauf zu k\u00fcmmern. Sie erlernte die Arbeit der Weinverkosterin \u00abon the job\u00bb und empfing die Kunden im Weinkeller auf der Colline de G\u00e9ronde. Die Leute kamen von weit her, um sie \u00fcber ihren Lieblingswein, den Fendant sprechen zu h\u00f6ren. Was den Tourmentin betraf, so z\u00f6gerte sie nicht, ihn als den gr\u00f6ssten Rotwein der Welt zu bezeichnen.<br \/>\nHermine hegte eine tiefe und echte Leidenschaft f\u00fcr den FC Sion, dessen Spieler sie alle beim Vornamen kannte. Praktisch nie liess sie sich ein Heimspiel entgehen, mischte sich unter die gut gelaunten Fans und verfolgte das Spiel eher von der Trib\u00fcne als von der VIP-Loge aus.<br \/>\nSie war vom Schlag der Bergler, die sich nur dann hinlegen, wenn sie schlafen. Fast ein Jahrhundert lang begleitete diese wunderbare Person die Geschichte des Walliser Weinbaus. Mit dem Land, auf dem sie geboren wurde, war sie innig verbunden. Im Dezember 2019 ist Hermine verstorben. Bevor sie diese Welt verliess, war es ihr letzter Wunsch, ein Glas Fendant zu trinken. Selbstverst\u00e4ndlich wurde ihr dieser Wunsch erf\u00fcllt!<\/li>\n<\/ul>\n<p>[\/et_pb_text][\/et_pb_column][\/et_pb_row][\/et_pb_section]<\/p>\n","protected":false},"excerpt":{"rendered":"<p>Anekdoten 75 Jahren Domaines RouvinezHermine Rouvinez Unsere Mutter und Grossmutter Hermine gr\u00fcndete 1947 zusammen mit ihrem Mann Bernard die Kellerei Domaines Rouvinez. Zu jener Zeit bestand das Weingut vor allem aus der Colline de G\u00e9ronde, wo auch der Weinkeller lag, der heute noch der Ort ist, wo wir unsere G\u00e4ste f\u00fcr eine Degustation empfangen. Hermine [&hellip;]<\/p>\n","protected":false},"author":3,"featured_media":0,"parent":4432,"menu_order":0,"comment_status":"closed","ping_status":"closed","template":"","meta":{"_et_pb_use_builder":"on","_et_pb_old_content":"","_et_gb_content_width":"","inline_featured_image":false,"_monsterinsights_skip_tracking":false,"_monsterinsights_sitenote_active":false,"_monsterinsights_sitenote_note":"","_monsterinsights_sitenote_category":0,"footnotes":""},"class_list":["post-3353","page","type-page","status-publish","hentry"],"yoast_head":"<!-- This site is optimized with the Yoast SEO plugin v27.3 - https:\/\/yoast.com\/product\/yoast-seo-wordpress\/ -->\n<title>Anekdoten - Hermine Rouvinez - Domaines Rouvinez - 75 ans<\/title>\n<meta name=\"description\" content=\"75 Jahre - Domaines Rouvinez hat bereits einige Anekdoten zu erz\u00e4hlen. Eine der ersten kommt von unseren Mutter, Grossmutter Hermine Rouvinez.\" \/>\n<meta name=\"robots\" content=\"index, follow, max-snippet:-1, max-image-preview:large, max-video-preview:-1\" \/>\n<link rel=\"canonical\" href=\"https:\/\/rouvinez.com\/de\/unsere-anekdoten\/anekdoten-hermine-rouvinez\/\" \/>\n<meta property=\"og:locale\" content=\"de_DE\" \/>\n<meta property=\"og:type\" content=\"article\" \/>\n<meta property=\"og:title\" content=\"Anekdoten - Hermine Rouvinez - Domaines Rouvinez - 75 ans\" \/>\n<meta property=\"og:description\" content=\"75 Jahre - Domaines Rouvinez hat bereits einige Anekdoten zu erz\u00e4hlen. Eine der ersten kommt von unseren Mutter, Grossmutter Hermine Rouvinez.\" \/>\n<meta property=\"og:url\" content=\"https:\/\/rouvinez.com\/de\/unsere-anekdoten\/anekdoten-hermine-rouvinez\/\" \/>\n<meta property=\"og:site_name\" content=\"Domaines Rouvinez\" \/>\n<meta property=\"article:publisher\" content=\"https:\/\/www.facebook.com\/LaFamilleRouvinez\" \/>\n<meta property=\"article:modified_time\" content=\"2022-06-23T13:50:07+00:00\" \/>\n<meta name=\"twitter:card\" content=\"summary_large_image\" \/>\n<meta name=\"twitter:label1\" content=\"Gesch\u00e4tzte Lesezeit\" \/>\n\t<meta name=\"twitter:data1\" content=\"7\u00a0Minuten\" \/>\n<script type=\"application\/ld+json\" class=\"yoast-schema-graph\">{\"@context\":\"https:\\\/\\\/schema.org\",\"@graph\":[{\"@type\":\"WebPage\",\"@id\":\"https:\\\/\\\/rouvinez.com\\\/de\\\/unsere-anekdoten\\\/anekdoten-hermine-rouvinez\\\/\",\"url\":\"https:\\\/\\\/rouvinez.com\\\/de\\\/unsere-anekdoten\\\/anekdoten-hermine-rouvinez\\\/\",\"name\":\"Anekdoten - Hermine Rouvinez - Domaines Rouvinez - 75 ans\",\"isPartOf\":{\"@id\":\"https:\\\/\\\/rouvinez.com\\\/de\\\/#website\"},\"datePublished\":\"2022-01-27T15:49:57+00:00\",\"dateModified\":\"2022-06-23T13:50:07+00:00\",\"description\":\"75 Jahre - Domaines Rouvinez hat bereits einige Anekdoten zu erz\u00e4hlen. Eine der ersten kommt von unseren Mutter, Grossmutter Hermine Rouvinez.\",\"breadcrumb\":{\"@id\":\"https:\\\/\\\/rouvinez.com\\\/de\\\/unsere-anekdoten\\\/anekdoten-hermine-rouvinez\\\/#breadcrumb\"},\"inLanguage\":\"de\",\"potentialAction\":[{\"@type\":\"ReadAction\",\"target\":[\"https:\\\/\\\/rouvinez.com\\\/de\\\/unsere-anekdoten\\\/anekdoten-hermine-rouvinez\\\/\"]}]},{\"@type\":\"BreadcrumbList\",\"@id\":\"https:\\\/\\\/rouvinez.com\\\/de\\\/unsere-anekdoten\\\/anekdoten-hermine-rouvinez\\\/#breadcrumb\",\"itemListElement\":[{\"@type\":\"ListItem\",\"position\":1,\"name\":\"Accueil\",\"item\":\"https:\\\/\\\/rouvinez.com\\\/de\\\/geschichte\\\/\"},{\"@type\":\"ListItem\",\"position\":2,\"name\":\"Unsere Anekdoten\",\"item\":\"https:\\\/\\\/rouvinez.com\\\/de\\\/nos-anecdotes\\\/\"},{\"@type\":\"ListItem\",\"position\":3,\"name\":\"Anekdoten &#8211; Hermine Rouvinez\"}]},{\"@type\":\"WebSite\",\"@id\":\"https:\\\/\\\/rouvinez.com\\\/de\\\/#website\",\"url\":\"https:\\\/\\\/rouvinez.com\\\/de\\\/\",\"name\":\"Domaines Rouvinez\",\"description\":\"Go\u00fbt de l&#039;innovation et passion de l&#039;excellence\",\"publisher\":{\"@id\":\"https:\\\/\\\/rouvinez.com\\\/de\\\/#organization\"},\"potentialAction\":[{\"@type\":\"SearchAction\",\"target\":{\"@type\":\"EntryPoint\",\"urlTemplate\":\"https:\\\/\\\/rouvinez.com\\\/de\\\/?s={search_term_string}\"},\"query-input\":{\"@type\":\"PropertyValueSpecification\",\"valueRequired\":true,\"valueName\":\"search_term_string\"}}],\"inLanguage\":\"de\"},{\"@type\":\"Organization\",\"@id\":\"https:\\\/\\\/rouvinez.com\\\/de\\\/#organization\",\"name\":\"Domaines Rouvinez\",\"url\":\"https:\\\/\\\/rouvinez.com\\\/de\\\/\",\"logo\":{\"@type\":\"ImageObject\",\"inLanguage\":\"de\",\"@id\":\"https:\\\/\\\/rouvinez.com\\\/de\\\/#\\\/schema\\\/logo\\\/image\\\/\",\"url\":\"https:\\\/\\\/rouvinez.com\\\/wp-content\\\/uploads\\\/2021\\\/09\\\/20Fichier-11x-e1683538171203.png\",\"contentUrl\":\"https:\\\/\\\/rouvinez.com\\\/wp-content\\\/uploads\\\/2021\\\/09\\\/20Fichier-11x-e1683538171203.png\",\"width\":300,\"height\":171,\"caption\":\"Domaines Rouvinez\"},\"image\":{\"@id\":\"https:\\\/\\\/rouvinez.com\\\/de\\\/#\\\/schema\\\/logo\\\/image\\\/\"},\"sameAs\":[\"https:\\\/\\\/www.facebook.com\\\/LaFamilleRouvinez\",\"https:\\\/\\\/www.instagram.com\\\/famille.rouvinez\\\/\"]}]}<\/script>\n<!-- \/ Yoast SEO plugin. -->","yoast_head_json":{"title":"Anekdoten - Hermine Rouvinez - Domaines Rouvinez - 75 ans","description":"75 Jahre - Domaines Rouvinez hat bereits einige Anekdoten zu erz\u00e4hlen. Eine der ersten kommt von unseren Mutter, Grossmutter Hermine Rouvinez.","robots":{"index":"index","follow":"follow","max-snippet":"max-snippet:-1","max-image-preview":"max-image-preview:large","max-video-preview":"max-video-preview:-1"},"canonical":"https:\/\/rouvinez.com\/de\/unsere-anekdoten\/anekdoten-hermine-rouvinez\/","og_locale":"de_DE","og_type":"article","og_title":"Anekdoten - Hermine Rouvinez - Domaines Rouvinez - 75 ans","og_description":"75 Jahre - Domaines Rouvinez hat bereits einige Anekdoten zu erz\u00e4hlen. Eine der ersten kommt von unseren Mutter, Grossmutter Hermine Rouvinez.","og_url":"https:\/\/rouvinez.com\/de\/unsere-anekdoten\/anekdoten-hermine-rouvinez\/","og_site_name":"Domaines Rouvinez","article_publisher":"https:\/\/www.facebook.com\/LaFamilleRouvinez","article_modified_time":"2022-06-23T13:50:07+00:00","twitter_card":"summary_large_image","twitter_misc":{"Gesch\u00e4tzte Lesezeit":"7\u00a0Minuten"},"schema":{"@context":"https:\/\/schema.org","@graph":[{"@type":"WebPage","@id":"https:\/\/rouvinez.com\/de\/unsere-anekdoten\/anekdoten-hermine-rouvinez\/","url":"https:\/\/rouvinez.com\/de\/unsere-anekdoten\/anekdoten-hermine-rouvinez\/","name":"Anekdoten - Hermine Rouvinez - Domaines Rouvinez - 75 ans","isPartOf":{"@id":"https:\/\/rouvinez.com\/de\/#website"},"datePublished":"2022-01-27T15:49:57+00:00","dateModified":"2022-06-23T13:50:07+00:00","description":"75 Jahre - Domaines Rouvinez hat bereits einige Anekdoten zu erz\u00e4hlen. Eine der ersten kommt von unseren Mutter, Grossmutter Hermine Rouvinez.","breadcrumb":{"@id":"https:\/\/rouvinez.com\/de\/unsere-anekdoten\/anekdoten-hermine-rouvinez\/#breadcrumb"},"inLanguage":"de","potentialAction":[{"@type":"ReadAction","target":["https:\/\/rouvinez.com\/de\/unsere-anekdoten\/anekdoten-hermine-rouvinez\/"]}]},{"@type":"BreadcrumbList","@id":"https:\/\/rouvinez.com\/de\/unsere-anekdoten\/anekdoten-hermine-rouvinez\/#breadcrumb","itemListElement":[{"@type":"ListItem","position":1,"name":"Accueil","item":"https:\/\/rouvinez.com\/de\/geschichte\/"},{"@type":"ListItem","position":2,"name":"Unsere Anekdoten","item":"https:\/\/rouvinez.com\/de\/nos-anecdotes\/"},{"@type":"ListItem","position":3,"name":"Anekdoten &#8211; Hermine Rouvinez"}]},{"@type":"WebSite","@id":"https:\/\/rouvinez.com\/de\/#website","url":"https:\/\/rouvinez.com\/de\/","name":"Domaines Rouvinez","description":"Go\u00fbt de l&#039;innovation et passion de l&#039;excellence","publisher":{"@id":"https:\/\/rouvinez.com\/de\/#organization"},"potentialAction":[{"@type":"SearchAction","target":{"@type":"EntryPoint","urlTemplate":"https:\/\/rouvinez.com\/de\/?s={search_term_string}"},"query-input":{"@type":"PropertyValueSpecification","valueRequired":true,"valueName":"search_term_string"}}],"inLanguage":"de"},{"@type":"Organization","@id":"https:\/\/rouvinez.com\/de\/#organization","name":"Domaines Rouvinez","url":"https:\/\/rouvinez.com\/de\/","logo":{"@type":"ImageObject","inLanguage":"de","@id":"https:\/\/rouvinez.com\/de\/#\/schema\/logo\/image\/","url":"https:\/\/rouvinez.com\/wp-content\/uploads\/2021\/09\/20Fichier-11x-e1683538171203.png","contentUrl":"https:\/\/rouvinez.com\/wp-content\/uploads\/2021\/09\/20Fichier-11x-e1683538171203.png","width":300,"height":171,"caption":"Domaines Rouvinez"},"image":{"@id":"https:\/\/rouvinez.com\/de\/#\/schema\/logo\/image\/"},"sameAs":["https:\/\/www.facebook.com\/LaFamilleRouvinez","https:\/\/www.instagram.com\/famille.rouvinez\/"]}]}},"_links":{"self":[{"href":"https:\/\/rouvinez.com\/de\/wp-json\/wp\/v2\/pages\/3353","targetHints":{"allow":["GET"]}}],"collection":[{"href":"https:\/\/rouvinez.com\/de\/wp-json\/wp\/v2\/pages"}],"about":[{"href":"https:\/\/rouvinez.com\/de\/wp-json\/wp\/v2\/types\/page"}],"author":[{"embeddable":true,"href":"https:\/\/rouvinez.com\/de\/wp-json\/wp\/v2\/users\/3"}],"replies":[{"embeddable":true,"href":"https:\/\/rouvinez.com\/de\/wp-json\/wp\/v2\/comments?post=3353"}],"version-history":[{"count":5,"href":"https:\/\/rouvinez.com\/de\/wp-json\/wp\/v2\/pages\/3353\/revisions"}],"predecessor-version":[{"id":4873,"href":"https:\/\/rouvinez.com\/de\/wp-json\/wp\/v2\/pages\/3353\/revisions\/4873"}],"up":[{"embeddable":true,"href":"https:\/\/rouvinez.com\/de\/wp-json\/wp\/v2\/pages\/4432"}],"wp:attachment":[{"href":"https:\/\/rouvinez.com\/de\/wp-json\/wp\/v2\/media?parent=3353"}],"curies":[{"name":"wp","href":"https:\/\/api.w.org\/{rel}","templated":true}]}}