{"id":2583,"date":"2021-10-15T14:58:06","date_gmt":"2021-10-15T12:58:06","guid":{"rendered":"https:\/\/rouvinez-dev.ch\/unsere-marken\/"},"modified":"2025-09-25T07:53:34","modified_gmt":"2025-09-25T05:53:34","slug":"unsere-marken","status":"publish","type":"page","link":"https:\/\/rouvinez.com\/de\/unsere-marken\/","title":{"rendered":"Unsere Marken"},"content":{"rendered":"<p>[et_pb_section fb_built=&#8220;1&#8243; fullwidth=&#8220;on&#8220; _builder_version=&#8220;4.16&#8243; _module_preset=&#8220;default&#8220; vertical_offset_tablet=&#8220;&#8220; vertical_offset_phone=&#8220;0px&#8220; vertical_offset_last_edited=&#8220;on|tablet&#8220; position_origin_a_tablet=&#8220;&#8220; position_origin_a_phone=&#8220;&#8220; position_origin_a_last_edited=&#8220;on|desktop&#8220; position_origin_f_tablet=&#8220;&#8220; position_origin_f_phone=&#8220;&#8220; position_origin_f_last_edited=&#8220;on|desktop&#8220; position_origin_r_tablet=&#8220;&#8220; position_origin_r_phone=&#8220;&#8220; position_origin_r_last_edited=&#8220;on|tablet&#8220; custom_padding=&#8220;||||true|false&#8220; positioning_tablet=&#8220;&#8220; positioning_phone=&#8220;&#8220; positioning_last_edited=&#8220;on|tablet&#8220; global_colors_info=&#8220;{}&#8220; vertical_offset__hover_enabled=&#8220;off|desktop&#8220;][et_pb_fullwidth_slider show_pagination=&#8220;off&#8220; _builder_version=&#8220;4.16&#8243; _module_preset=&#8220;default&#8220; background_enable_color=&#8220;off&#8220; height=&#8220;100vh&#8220; height_tablet=&#8220;650px&#8220; height_phone=&#8220;320px&#8220; height_last_edited=&#8220;on|phone&#8220; custom_padding=&#8220;20vw||20vw||true|false&#8220; custom_padding_tablet=&#8220;40vw||40vw||true|false&#8220; custom_padding_phone=&#8220;&#8220; custom_padding_last_edited=&#8220;on|phone&#8220; auto=&#8220;on&#8220; global_colors_info=&#8220;{}&#8220; header_2_line_height_last_edited=&#8220;on|phone&#8220;][et_pb_slide _builder_version=&#8220;4.16&#8243; _module_preset=&#8220;default&#8220; header_font=&#8220;helveticaNeueBold|||on|||||&#8220; header_text_align=&#8220;center&#8220; header_font_size=&#8220;50px&#8220; header_letter_spacing=&#8220;20px&#8220; header_line_height=&#8220;1.2em&#8220; background_color=&#8220;rgba(0,0,0,0.38)&#8220; background_enable_color=&#8220;on&#8220; background_image=&#8220;https:\/\/rouvinez.com\/wp-content\/uploads\/2021\/09\/DR-marque-NezNoir.jpg&#8220; background_enable_image=&#8220;on&#8220; background_blend=&#8220;overlay&#8220; header_font_size_tablet=&#8220;40px&#8220; header_font_size_phone=&#8220;32px&#8220; header_letter_spacing_tablet=&#8220;15px&#8220; header_letter_spacing_phone=&#8220;11px&#8220; header_letter_spacing_last_edited=&#8220;on|desktop&#8220; global_colors_info=&#8220;{}&#8220; sticky_transition=&#8220;on&#8220;][\/et_pb_slide][et_pb_slide _builder_version=&#8220;4.16&#8243; _module_preset=&#8220;default&#8220; header_font=&#8220;helveticaNeueBold|||on|||||&#8220; header_text_align=&#8220;center&#8220; header_font_size=&#8220;50px&#8220; header_letter_spacing=&#8220;20px&#8220; header_line_height=&#8220;1.2em&#8220; background_color=&#8220;rgba(0,0,0,0.38)&#8220; background_enable_color=&#8220;on&#8220; background_image=&#8220;https:\/\/rouvinez.com\/wp-content\/uploads\/2021\/10\/rouvinez_echappee.jpg&#8220; background_enable_image=&#8220;on&#8220; background_blend=&#8220;overlay&#8220; header_font_size_tablet=&#8220;40px&#8220; header_font_size_phone=&#8220;32px&#8220; header_letter_spacing_tablet=&#8220;15px&#8220; header_letter_spacing_phone=&#8220;11px&#8220; header_letter_spacing_last_edited=&#8220;on|desktop&#8220; global_colors_info=&#8220;{}&#8220; sticky_transition=&#8220;on&#8220;][\/et_pb_slide][et_pb_slide _builder_version=&#8220;4.16&#8243; _module_preset=&#8220;default&#8220; header_font=&#8220;helveticaNeueBold|||on|||||&#8220; header_text_align=&#8220;center&#8220; header_font_size=&#8220;50px&#8220; header_letter_spacing=&#8220;20px&#8220; header_line_height=&#8220;1.2em&#8220; background_color=&#8220;rgba(0,0,0,0.38)&#8220; background_enable_color=&#8220;on&#8220; background_image=&#8220;https:\/\/rouvinez.com\/wp-content\/uploads\/2021\/09\/DR-marque-tourmentin.jpg&#8220; background_enable_image=&#8220;on&#8220; background_position=&#8220;top_center&#8220; background_blend=&#8220;overlay&#8220; header_font_size_tablet=&#8220;40px&#8220; header_font_size_phone=&#8220;32px&#8220; header_letter_spacing_tablet=&#8220;15px&#8220; header_letter_spacing_phone=&#8220;11px&#8220; header_letter_spacing_last_edited=&#8220;on|desktop&#8220; global_colors_info=&#8220;{}&#8220; sticky_transition=&#8220;on&#8220;][\/et_pb_slide][\/et_pb_fullwidth_slider][\/et_pb_section][et_pb_section fb_built=&#8220;1&#8243; _builder_version=&#8220;4.16&#8243; _module_preset=&#8220;default&#8220; vertical_offset_tablet=&#8220;&#8220; vertical_offset_phone=&#8220;&#8220; vertical_offset_last_edited=&#8220;on|tablet&#8220; custom_padding=&#8220;0px||0px||false|false&#8220; global_colors_info=&#8220;{}&#8220;][et_pb_row _builder_version=&#8220;4.16&#8243; _module_preset=&#8220;default&#8220; position_origin_a=&#8220;top_center&#8220; custom_margin=&#8220;||||false|false&#8220; custom_margin_tablet=&#8220;&#8220; custom_margin_phone=&#8220;&#8220; custom_margin_last_edited=&#8220;on|desktop&#8220; custom_padding=&#8220;0px||0px||false|false&#8220; global_colors_info=&#8220;{}&#8220;][et_pb_column type=&#8220;4_4&#8243; _builder_version=&#8220;4.16&#8243; _module_preset=&#8220;default&#8220; global_colors_info=&#8220;{}&#8220;][et_pb_text admin_label=&#8220;Texte&#8220; _builder_version=&#8220;4.27.2&#8243; _module_preset=&#8220;default&#8220; text_font=&#8220;||||||||&#8220; text_text_color=&#8220;#FFFFFF&#8220; header_3_font=&#8220;Abril Display Black|800|||||||&#8220; header_3_text_color=&#8220;#FFFFFF&#8220; background_enable_color=&#8220;off&#8220; positioning=&#8220;absolute&#8220; position_origin_a=&#8220;top_center&#8220; vertical_offset=&#8220;-23vw&#8220; vertical_offset_tablet=&#8220;-42vw&#8220; vertical_offset_phone=&#8220;-44vw&#8220; vertical_offset_last_edited=&#8220;on|phone&#8220; position_origin_a_tablet=&#8220;&#8220; position_origin_a_phone=&#8220;&#8220; position_origin_a_last_edited=&#8220;on|tablet&#8220; position_origin_f_tablet=&#8220;&#8220; position_origin_f_phone=&#8220;&#8220; position_origin_f_last_edited=&#8220;on|tablet&#8220; position_origin_r_tablet=&#8220;&#8220; position_origin_r_phone=&#8220;&#8220; position_origin_r_last_edited=&#8220;on|tablet&#8220; text_orientation=&#8220;center&#8220; width=&#8220;100%&#8220; custom_margin=&#8220;||1px||false|false&#8220; custom_padding=&#8220;5px||5px||true|false&#8220; animation_style=&#8220;slide&#8220; animation_direction=&#8220;top&#8220; animation_duration=&#8220;500ms&#8220; header_2_font_size_phone=&#8220;32px&#8220; header_2_line_height_tablet=&#8220;&#8220; header_2_line_height_phone=&#8220;&#8220; header_2_line_height_last_edited=&#8220;on|phone&#8220; positioning_tablet=&#8220;&#8220; positioning_phone=&#8220;&#8220; positioning_last_edited=&#8220;on|phone&#8220; inline_fonts=&#8220;Times New Roman&#8220; global_colors_info=&#8220;{}&#8220;]<\/p>\n<h2>unsere Marken<\/h2>\n<p>[\/et_pb_text][et_pb_image src=&#8220;https:\/\/rouvinez.com\/wp-content\/uploads\/2021\/08\/arrowDown.png&#8220; title_text=&#8220;arrowDown&#8220; url=&#8220;#marques&#8220; align=&#8220;center&#8220; disabled_on=&#8220;on|on|off&#8220; admin_label=&#8220;fl\u00e8che desktop&#8220; module_id=&#8220;arrowdown&#8220; _builder_version=&#8220;4.16&#8243; _module_preset=&#8220;default&#8220; positioning=&#8220;absolute&#8220; vertical_offset=&#8220;-6vw&#8220; width=&#8220;100%&#8220; global_colors_info=&#8220;{}&#8220;][\/et_pb_image][\/et_pb_column][\/et_pb_row][\/et_pb_section][et_pb_section fb_built=&#8220;1&#8243; disabled_on=&#8220;off|off|off&#8220; module_id=&#8220;marques&#8220; _builder_version=&#8220;4.16&#8243; _module_preset=&#8220;default&#8220; vertical_offset_tablet=&#8220;&#8220; vertical_offset_phone=&#8220;0px&#8220; vertical_offset_last_edited=&#8220;on|phone&#8220; position_origin_a_tablet=&#8220;&#8220; position_origin_a_phone=&#8220;&#8220; position_origin_a_last_edited=&#8220;on|desktop&#8220; position_origin_f_tablet=&#8220;&#8220; position_origin_f_phone=&#8220;&#8220; position_origin_f_last_edited=&#8220;on|desktop&#8220; position_origin_r_tablet=&#8220;&#8220; position_origin_r_phone=&#8220;&#8220; position_origin_r_last_edited=&#8220;on|desktop&#8220; custom_margin=&#8220;||||false|false&#8220; custom_margin_tablet=&#8220;||||false|false&#8220; custom_margin_phone=&#8220;||||false|false&#8220; custom_margin_last_edited=&#8220;on|phone&#8220; custom_padding=&#8220;0px||||false|false&#8220; positioning_tablet=&#8220;&#8220; positioning_phone=&#8220;&#8220; positioning_last_edited=&#8220;on|tablet&#8220; global_colors_info=&#8220;{}&#8220;][et_pb_row use_custom_gutter=&#8220;on&#8220; custom_padding_last_edited=&#8220;on|phone&#8220; _builder_version=&#8220;4.16&#8243; _module_preset=&#8220;default&#8220; background_enable_image=&#8220;off&#8220; background_size=&#8220;initial&#8220; background_position=&#8220;top_left&#8220; width_tablet=&#8220;&#8220; width_phone=&#8220;100%&#8220; width_last_edited=&#8220;on|phone&#8220; custom_margin=&#8220;6px|auto||auto||&#8220; custom_padding=&#8220;||0px||false|false&#8220; custom_padding_tablet=&#8220;&#8220; custom_padding_phone=&#8220;|30px||30px|false|false&#8220; global_colors_info=&#8220;{}&#8220;][et_pb_column type=&#8220;4_4&#8243; _builder_version=&#8220;4.16&#8243; _module_preset=&#8220;default&#8220; global_colors_info=&#8220;{}&#8220;][et_pb_text _builder_version=&#8220;4.27.2&#8243; _module_preset=&#8220;default&#8220; header_text_align=&#8220;left&#8220; header_2_text_align=&#8220;left&#8220; header_3_font_size=&#8220;40px&#8220; custom_margin=&#8220;||10px||false|false&#8220; custom_padding=&#8220;||1px||false|false&#8220; locked=&#8220;off&#8220; global_colors_info=&#8220;{}&#8220;]<\/p>\n<h2>Unsere Marken<\/h2>\n<p>[\/et_pb_text][et_pb_text module_class=&#8220;puce&#8220; _builder_version=&#8220;4.27.4&#8243; _module_preset=&#8220;default&#8220; header_2_font=&#8220;HelveticaNeue|||on|||||&#8220; header_3_font=&#8220;helveticaNeue|900|||||||&#8220; header_3_text_color=&#8220;rgba(33,33,33,0.64)&#8220; header_3_letter_spacing=&#8220;7px&#8220; header_3_line_height=&#8220;1.4em&#8220; background_enable_color=&#8220;off&#8220; custom_margin=&#8220;|||2.3%|false|false&#8220; custom_margin_tablet=&#8220;|||5.3%|false|false&#8220; custom_margin_phone=&#8220;|||16%|false|false&#8220; custom_margin_last_edited=&#8220;on|phone&#8220; mix_blend_mode=&#8220;screen&#8220; hover_enabled=&#8220;0&#8243; header_3_font_size_tablet=&#8220;42px&#8220; header_3_font_size_phone=&#8220;36px&#8220; header_3_font_size_last_edited=&#8220;on|phone&#8220; global_colors_info=&#8220;{}&#8220; sticky_enabled=&#8220;0&#8243;]<\/p>\n<ul>\n<li>Im Bestreben, ihre Weine nachhaltig auf dem Markt zu positionieren, hat die Familie Rouvinez im Laufe der Zeit Marken entwickelt, die heute in der Schweizer Weinwirtschaft unentbehrlich geworden sind. Die Einf\u00fchrung des Tourmentin im Jahr 1983, einer der ersten Walliser Weine in traditionellen Eichenf\u00e4ssern ausgebaut, markierte einen wichtigen qualitativen Wendepunkt. Ab 1993 wurde mit der Einf\u00fchrung der Weine von Ch\u00e2teau Lichten der Grundstein f\u00fcr die Weinpolitik der Dom\u00e4nenweine des Hauses gelegt. Auch die unl\u00e4ngst eingef\u00fchrten Weine und Biere der Linie Nez Noir, bringen wunderbar die Bio-Wendung der Domaines Rouvinez zum Ausdruck. Schlie\u00dflich unterstreicht das Bier L \u00c9chapp\u00e9e, das in den R\u00e4umlichkeiten des Kellers gebraut und in Zusammenarbeit mit Freunden aus Li\u00e8ge entwickelt wurde, die st\u00e4ndige Suche nach Innovation, welche die Familie Rouvinez antreibt.<\/li>\n<\/ul>\n<p>[\/et_pb_text][\/et_pb_column][\/et_pb_row][et_pb_row column_structure=&#8220;1_4,1_4,1_4,1_4&#8243; use_custom_gutter=&#8220;on&#8220; custom_padding_last_edited=&#8220;on|phone&#8220; _builder_version=&#8220;4.27.4&#8243; _module_preset=&#8220;default&#8220; background_enable_image=&#8220;off&#8220; background_size=&#8220;initial&#8220; background_position=&#8220;top_left&#8220; width_tablet=&#8220;&#8220; width_phone=&#8220;100%&#8220; width_last_edited=&#8220;on|phone&#8220; custom_margin=&#8220;6px|auto||auto||&#8220; custom_padding=&#8220;||0px||false|false&#8220; custom_padding_tablet=&#8220;&#8220; custom_padding_phone=&#8220;|30px||30px|false|false&#8220; global_colors_info=&#8220;{}&#8220;][et_pb_column type=&#8220;1_4&#8243; _builder_version=&#8220;4.25.2&#8243; _module_preset=&#8220;default&#8220; global_colors_info=&#8220;{}&#8220;][et_pb_image src=&#8220;https:\/\/rouvinez.com\/wp-content\/uploads\/2024\/06\/R_Tourmentin75cl_MG_0424_sm-200&#215;300.png&#8220; alt=&#8220;Tourmentin Domaines Rouvinez&#8220; title_text=&#8220;Tourmentin Rouvinez Flasche&#8220; align=&#8220;center&#8220; _builder_version=&#8220;4.27.4&#8243; _module_preset=&#8220;default&#8220; global_colors_info=&#8220;{}&#8220;][\/et_pb_image][et_pb_button button_url=&#8220;@ET-DC@eyJkeW5hbWljIjp0cnVlLCJjb250ZW50IjoicG9zdF9saW5rX3VybF9wYWdlIiwic2V0dGluZ3MiOnsicG9zdF9pZCI6IjE3MjkifX0=@&#8220; url_new_window=&#8220;on&#8220; button_text=&#8220;Tourmentin&#8220; button_alignment=&#8220;center&#8220; _builder_version=&#8220;4.27.4&#8243; _dynamic_attributes=&#8220;button_url&#8220; _module_preset=&#8220;default&#8220; button_font=&#8220;|800||on|||||&#8220; global_colors_info=&#8220;{}&#8220;][\/et_pb_button][\/et_pb_column][et_pb_column type=&#8220;1_4&#8243; _builder_version=&#8220;4.27.4&#8243; _module_preset=&#8220;default&#8220; global_colors_info=&#8220;{}&#8220;][et_pb_image src=&#8220;https:\/\/rouvinez.com\/wp-content\/uploads\/2025\/07\/R-Chateau-Lichten-Rouge-105&#215;300.png&#8220; alt=&#8220;Bouteille Ch\u00e2teau Lichten Assemblage rouge&#8220; title_text=&#8220;R-Chateau-Lichten-Rouge&#8220; align=&#8220;center&#8220; disabled_on=&#8220;off|off|off&#8220; _builder_version=&#8220;4.27.4&#8243; _module_preset=&#8220;default&#8220; global_colors_info=&#8220;{}&#8220;][\/et_pb_image][et_pb_button button_url=&#8220;@ET-DC@eyJkeW5hbWljIjp0cnVlLCJjb250ZW50IjoicG9zdF9saW5rX3VybF9wYWdlIiwic2V0dGluZ3MiOnsicG9zdF9pZCI6Ijk4MjgifX0=@&#8220; url_new_window=&#8220;on&#8220; button_text=&#8220;Ch\u00e2teau Lichten&#8220; button_alignment=&#8220;center&#8220; disabled_on=&#8220;off|off|off&#8220; _builder_version=&#8220;4.27.4&#8243; _dynamic_attributes=&#8220;button_url&#8220; _module_preset=&#8220;default&#8220; button_font=&#8220;|800||on|||||&#8220; global_colors_info=&#8220;{}&#8220;][\/et_pb_button][\/et_pb_column][et_pb_column type=&#8220;1_4&#8243; _builder_version=&#8220;4.16&#8243; _module_preset=&#8220;default&#8220; global_colors_info=&#8220;{}&#8220;][et_pb_image src=&#8220;https:\/\/rouvinez.com\/wp-content\/uploads\/2024\/03\/Nez-Noir-rouge-1-82&#215;300.png&#8220; alt=&#8220;Nez Noir rot Domaines Rouvinez&#8220; title_text=&#8220;Nez Noir rot&#8220; align=&#8220;center&#8220; _builder_version=&#8220;4.25.2&#8243; _module_preset=&#8220;default&#8220; global_colors_info=&#8220;{}&#8220;][\/et_pb_image][et_pb_button button_url=&#8220;@ET-DC@eyJkeW5hbWljIjp0cnVlLCJjb250ZW50IjoicG9zdF9saW5rX3VybF9wYWdlIiwic2V0dGluZ3MiOnsicG9zdF9pZCI6Ijg4MDQifX0=@&#8220; url_new_window=&#8220;on&#8220; button_text=&#8220;Nez Noir&#8220; button_alignment=&#8220;center&#8220; _builder_version=&#8220;4.27.4&#8243; _dynamic_attributes=&#8220;button_url&#8220; _module_preset=&#8220;default&#8220; button_font=&#8220;|800||on|||||&#8220; global_colors_info=&#8220;{}&#8220;][\/et_pb_button][\/et_pb_column][et_pb_column type=&#8220;1_4&#8243; _builder_version=&#8220;4.16&#8243; _module_preset=&#8220;default&#8220; global_colors_info=&#8220;{}&#8220;][et_pb_image src=&#8220;https:\/\/rouvinez.com\/wp-content\/uploads\/2024\/07\/L_ECHAPPEE_375-200&#215;300.png&#8220; alt=&#8220;Bier Echapp\u00e9e Domaines Rouvinez&#8220; title_text=&#8220;Echappee&#8220; align=&#8220;center&#8220; _builder_version=&#8220;4.25.2&#8243; _module_preset=&#8220;default&#8220; global_colors_info=&#8220;{}&#8220;][\/et_pb_image][et_pb_button button_url=&#8220;@ET-DC@eyJkeW5hbWljIjp0cnVlLCJjb250ZW50IjoicG9zdF9saW5rX3VybF9wYWdlIiwic2V0dGluZ3MiOnsicG9zdF9pZCI6IjE3MzcifX0=@&#8220; url_new_window=&#8220;on&#8220; button_text=&#8220;Echapp\u00e9e&#8220; button_alignment=&#8220;center&#8220; _builder_version=&#8220;4.25.2&#8243; _dynamic_attributes=&#8220;button_url&#8220; _module_preset=&#8220;default&#8220; button_font=&#8220;|800||on|||||&#8220; global_colors_info=&#8220;{}&#8220;][\/et_pb_button][\/et_pb_column][\/et_pb_row][\/et_pb_section]<\/p>\n","protected":false},"excerpt":{"rendered":"<p>unsere MarkenUnsere Marken Im Bestreben, ihre Weine nachhaltig auf dem Markt zu positionieren, hat die Familie Rouvinez im Laufe der Zeit Marken entwickelt, die heute in der Schweizer Weinwirtschaft unentbehrlich geworden sind. Die Einf\u00fchrung des Tourmentin im Jahr 1983, einer der ersten Walliser Weine in traditionellen Eichenf\u00e4ssern ausgebaut, markierte einen wichtigen qualitativen Wendepunkt. Ab 1993 [&hellip;]<\/p>\n","protected":false},"author":3,"featured_media":0,"parent":0,"menu_order":0,"comment_status":"closed","ping_status":"closed","template":"","meta":{"_et_pb_use_builder":"on","_et_pb_old_content":"","_et_gb_content_width":"","inline_featured_image":false,"_monsterinsights_skip_tracking":false,"_monsterinsights_sitenote_active":false,"_monsterinsights_sitenote_note":"","_monsterinsights_sitenote_category":0,"footnotes":""},"class_list":["post-2583","page","type-page","status-publish","hentry"],"yoast_head":"<!-- This site is optimized with the Yoast SEO plugin v27.3 - https:\/\/yoast.com\/product\/yoast-seo-wordpress\/ -->\n<title>Unsere Marken - Domaines Rouvinez<\/title>\n<meta name=\"description\" content=\"Im Bestreben, ihre Weine nachhaltig auf dem Markt zu positionieren, hat die Familie Rouvinez im Laufe der Zeit Marken entwickelt.\" \/>\n<meta name=\"robots\" content=\"index, follow, max-snippet:-1, max-image-preview:large, max-video-preview:-1\" \/>\n<link rel=\"canonical\" href=\"https:\/\/rouvinez.com\/de\/unsere-marken\/\" \/>\n<meta property=\"og:locale\" content=\"de_DE\" \/>\n<meta property=\"og:type\" content=\"article\" \/>\n<meta property=\"og:title\" content=\"Unsere Marken - Domaines Rouvinez\" \/>\n<meta property=\"og:description\" content=\"Im Bestreben, ihre Weine nachhaltig auf dem Markt zu positionieren, hat die Familie Rouvinez im Laufe der Zeit Marken entwickelt.\" \/>\n<meta property=\"og:url\" content=\"https:\/\/rouvinez.com\/de\/unsere-marken\/\" \/>\n<meta property=\"og:site_name\" content=\"Domaines Rouvinez\" \/>\n<meta property=\"article:publisher\" content=\"https:\/\/www.facebook.com\/LaFamilleRouvinez\" \/>\n<meta property=\"article:modified_time\" content=\"2025-09-25T05:53:34+00:00\" \/>\n<meta name=\"twitter:card\" content=\"summary_large_image\" \/>\n<meta name=\"twitter:label1\" content=\"Gesch\u00e4tzte Lesezeit\" \/>\n\t<meta name=\"twitter:data1\" content=\"8\u00a0Minuten\" \/>\n<script type=\"application\/ld+json\" class=\"yoast-schema-graph\">{\"@context\":\"https:\\\/\\\/schema.org\",\"@graph\":[{\"@type\":\"WebPage\",\"@id\":\"https:\\\/\\\/rouvinez.com\\\/de\\\/unsere-marken\\\/\",\"url\":\"https:\\\/\\\/rouvinez.com\\\/de\\\/unsere-marken\\\/\",\"name\":\"Unsere Marken - Domaines Rouvinez\",\"isPartOf\":{\"@id\":\"https:\\\/\\\/rouvinez.com\\\/de\\\/#website\"},\"datePublished\":\"2021-10-15T12:58:06+00:00\",\"dateModified\":\"2025-09-25T05:53:34+00:00\",\"description\":\"Im Bestreben, ihre Weine nachhaltig auf dem Markt zu positionieren, hat die Familie Rouvinez im Laufe der Zeit Marken entwickelt.\",\"breadcrumb\":{\"@id\":\"https:\\\/\\\/rouvinez.com\\\/de\\\/unsere-marken\\\/#breadcrumb\"},\"inLanguage\":\"de\",\"potentialAction\":[{\"@type\":\"ReadAction\",\"target\":[\"https:\\\/\\\/rouvinez.com\\\/de\\\/unsere-marken\\\/\"]}]},{\"@type\":\"BreadcrumbList\",\"@id\":\"https:\\\/\\\/rouvinez.com\\\/de\\\/unsere-marken\\\/#breadcrumb\",\"itemListElement\":[{\"@type\":\"ListItem\",\"position\":1,\"name\":\"Accueil\",\"item\":\"https:\\\/\\\/rouvinez.com\\\/de\\\/geschichte\\\/\"},{\"@type\":\"ListItem\",\"position\":2,\"name\":\"Unsere Marken\"}]},{\"@type\":\"WebSite\",\"@id\":\"https:\\\/\\\/rouvinez.com\\\/de\\\/#website\",\"url\":\"https:\\\/\\\/rouvinez.com\\\/de\\\/\",\"name\":\"Domaines Rouvinez\",\"description\":\"Go\u00fbt de l&#039;innovation et passion de l&#039;excellence\",\"publisher\":{\"@id\":\"https:\\\/\\\/rouvinez.com\\\/de\\\/#organization\"},\"potentialAction\":[{\"@type\":\"SearchAction\",\"target\":{\"@type\":\"EntryPoint\",\"urlTemplate\":\"https:\\\/\\\/rouvinez.com\\\/de\\\/?s={search_term_string}\"},\"query-input\":{\"@type\":\"PropertyValueSpecification\",\"valueRequired\":true,\"valueName\":\"search_term_string\"}}],\"inLanguage\":\"de\"},{\"@type\":\"Organization\",\"@id\":\"https:\\\/\\\/rouvinez.com\\\/de\\\/#organization\",\"name\":\"Domaines Rouvinez\",\"url\":\"https:\\\/\\\/rouvinez.com\\\/de\\\/\",\"logo\":{\"@type\":\"ImageObject\",\"inLanguage\":\"de\",\"@id\":\"https:\\\/\\\/rouvinez.com\\\/de\\\/#\\\/schema\\\/logo\\\/image\\\/\",\"url\":\"https:\\\/\\\/rouvinez.com\\\/wp-content\\\/uploads\\\/2021\\\/09\\\/20Fichier-11x-e1683538171203.png\",\"contentUrl\":\"https:\\\/\\\/rouvinez.com\\\/wp-content\\\/uploads\\\/2021\\\/09\\\/20Fichier-11x-e1683538171203.png\",\"width\":300,\"height\":171,\"caption\":\"Domaines Rouvinez\"},\"image\":{\"@id\":\"https:\\\/\\\/rouvinez.com\\\/de\\\/#\\\/schema\\\/logo\\\/image\\\/\"},\"sameAs\":[\"https:\\\/\\\/www.facebook.com\\\/LaFamilleRouvinez\",\"https:\\\/\\\/www.instagram.com\\\/famille.rouvinez\\\/\"]}]}<\/script>\n<!-- \/ Yoast SEO plugin. -->","yoast_head_json":{"title":"Unsere Marken - Domaines Rouvinez","description":"Im Bestreben, ihre Weine nachhaltig auf dem Markt zu positionieren, hat die Familie Rouvinez im Laufe der Zeit Marken entwickelt.","robots":{"index":"index","follow":"follow","max-snippet":"max-snippet:-1","max-image-preview":"max-image-preview:large","max-video-preview":"max-video-preview:-1"},"canonical":"https:\/\/rouvinez.com\/de\/unsere-marken\/","og_locale":"de_DE","og_type":"article","og_title":"Unsere Marken - Domaines Rouvinez","og_description":"Im Bestreben, ihre Weine nachhaltig auf dem Markt zu positionieren, hat die Familie Rouvinez im Laufe der Zeit Marken entwickelt.","og_url":"https:\/\/rouvinez.com\/de\/unsere-marken\/","og_site_name":"Domaines Rouvinez","article_publisher":"https:\/\/www.facebook.com\/LaFamilleRouvinez","article_modified_time":"2025-09-25T05:53:34+00:00","twitter_card":"summary_large_image","twitter_misc":{"Gesch\u00e4tzte Lesezeit":"8\u00a0Minuten"},"schema":{"@context":"https:\/\/schema.org","@graph":[{"@type":"WebPage","@id":"https:\/\/rouvinez.com\/de\/unsere-marken\/","url":"https:\/\/rouvinez.com\/de\/unsere-marken\/","name":"Unsere Marken - Domaines Rouvinez","isPartOf":{"@id":"https:\/\/rouvinez.com\/de\/#website"},"datePublished":"2021-10-15T12:58:06+00:00","dateModified":"2025-09-25T05:53:34+00:00","description":"Im Bestreben, ihre Weine nachhaltig auf dem Markt zu positionieren, hat die Familie Rouvinez im Laufe der Zeit Marken entwickelt.","breadcrumb":{"@id":"https:\/\/rouvinez.com\/de\/unsere-marken\/#breadcrumb"},"inLanguage":"de","potentialAction":[{"@type":"ReadAction","target":["https:\/\/rouvinez.com\/de\/unsere-marken\/"]}]},{"@type":"BreadcrumbList","@id":"https:\/\/rouvinez.com\/de\/unsere-marken\/#breadcrumb","itemListElement":[{"@type":"ListItem","position":1,"name":"Accueil","item":"https:\/\/rouvinez.com\/de\/geschichte\/"},{"@type":"ListItem","position":2,"name":"Unsere Marken"}]},{"@type":"WebSite","@id":"https:\/\/rouvinez.com\/de\/#website","url":"https:\/\/rouvinez.com\/de\/","name":"Domaines Rouvinez","description":"Go\u00fbt de l&#039;innovation et passion de l&#039;excellence","publisher":{"@id":"https:\/\/rouvinez.com\/de\/#organization"},"potentialAction":[{"@type":"SearchAction","target":{"@type":"EntryPoint","urlTemplate":"https:\/\/rouvinez.com\/de\/?s={search_term_string}"},"query-input":{"@type":"PropertyValueSpecification","valueRequired":true,"valueName":"search_term_string"}}],"inLanguage":"de"},{"@type":"Organization","@id":"https:\/\/rouvinez.com\/de\/#organization","name":"Domaines Rouvinez","url":"https:\/\/rouvinez.com\/de\/","logo":{"@type":"ImageObject","inLanguage":"de","@id":"https:\/\/rouvinez.com\/de\/#\/schema\/logo\/image\/","url":"https:\/\/rouvinez.com\/wp-content\/uploads\/2021\/09\/20Fichier-11x-e1683538171203.png","contentUrl":"https:\/\/rouvinez.com\/wp-content\/uploads\/2021\/09\/20Fichier-11x-e1683538171203.png","width":300,"height":171,"caption":"Domaines Rouvinez"},"image":{"@id":"https:\/\/rouvinez.com\/de\/#\/schema\/logo\/image\/"},"sameAs":["https:\/\/www.facebook.com\/LaFamilleRouvinez","https:\/\/www.instagram.com\/famille.rouvinez\/"]}]}},"_links":{"self":[{"href":"https:\/\/rouvinez.com\/de\/wp-json\/wp\/v2\/pages\/2583","targetHints":{"allow":["GET"]}}],"collection":[{"href":"https:\/\/rouvinez.com\/de\/wp-json\/wp\/v2\/pages"}],"about":[{"href":"https:\/\/rouvinez.com\/de\/wp-json\/wp\/v2\/types\/page"}],"author":[{"embeddable":true,"href":"https:\/\/rouvinez.com\/de\/wp-json\/wp\/v2\/users\/3"}],"replies":[{"embeddable":true,"href":"https:\/\/rouvinez.com\/de\/wp-json\/wp\/v2\/comments?post=2583"}],"version-history":[{"count":5,"href":"https:\/\/rouvinez.com\/de\/wp-json\/wp\/v2\/pages\/2583\/revisions"}],"predecessor-version":[{"id":10207,"href":"https:\/\/rouvinez.com\/de\/wp-json\/wp\/v2\/pages\/2583\/revisions\/10207"}],"wp:attachment":[{"href":"https:\/\/rouvinez.com\/de\/wp-json\/wp\/v2\/media?parent=2583"}],"curies":[{"name":"wp","href":"https:\/\/api.w.org\/{rel}","templated":true}]}}